{"id":23524,"date":"2023-01-15T02:59:25","date_gmt":"2023-01-15T07:59:25","guid":{"rendered":"https:\/\/racquetballcanada.ca\/?page_id=23524"},"modified":"2026-01-14T13:08:44","modified_gmt":"2026-01-14T18:08:44","slug":"quest-ce-que-le-sport-securitaire-2","status":"publish","type":"page","link":"https:\/\/racquetballcanada.ca\/fr\/quest-ce-que-le-sport-securitaire-2\/","title":{"rendered":"Qu\u2019est-ce que le sport s\u00e9curitaire?"},"content":{"rendered":"\t\t<div data-elementor-type=\"wp-page\" data-elementor-id=\"23524\" class=\"elementor elementor-23524\" data-elementor-post-type=\"page\">\n\t\t\t\t\t\t<section class=\"elementor-section elementor-top-section elementor-element elementor-element-20433bd elementor-section-boxed elementor-section-height-default elementor-section-height-default\" data-id=\"20433bd\" data-element_type=\"section\">\n\t\t\t\t\t\t<div class=\"elementor-container elementor-column-gap-default\">\n\t\t\t\t\t<div class=\"elementor-column elementor-col-100 elementor-top-column elementor-element elementor-element-d5aeb12\" data-id=\"d5aeb12\" data-element_type=\"column\">\n\t\t\t<div class=\"elementor-widget-wrap elementor-element-populated\">\n\t\t\t\t\t\t<div class=\"elementor-element elementor-element-427715d elementor-widget elementor-widget-spacer\" data-id=\"427715d\" data-element_type=\"widget\" data-widget_type=\"spacer.default\">\n\t\t\t\t\t\t\t<div class=\"elementor-spacer\">\n\t\t\t<div class=\"elementor-spacer-inner\"><\/div>\n\t\t<\/div>\n\t\t\t\t\t\t<\/div>\n\t\t\t\t\t<\/div>\n\t\t<\/div>\n\t\t\t\t\t<\/div>\n\t\t<\/section>\n\t\t\t\t<section class=\"elementor-section elementor-top-section elementor-element elementor-element-d4b3147 elementor-section-boxed elementor-section-height-default elementor-section-height-default\" data-id=\"d4b3147\" data-element_type=\"section\">\n\t\t\t\t\t\t<div class=\"elementor-container elementor-column-gap-default\">\n\t\t\t\t\t<div class=\"elementor-column elementor-col-100 elementor-top-column elementor-element elementor-element-ec25e65\" data-id=\"ec25e65\" data-element_type=\"column\">\n\t\t\t<div class=\"elementor-widget-wrap elementor-element-populated\">\n\t\t\t\t\t\t<div class=\"elementor-element elementor-element-a55ef88 elementor-widget elementor-widget-heading\" data-id=\"a55ef88\" data-element_type=\"widget\" data-widget_type=\"heading.default\">\n\t\t\t\t\t<h2 class=\"elementor-heading-title elementor-size-default\">Notre engagement pour un sport s\u00fbr<\/h2>\t\t\t\t<\/div>\n\t\t\t\t\t<\/div>\n\t\t<\/div>\n\t\t\t\t\t<\/div>\n\t\t<\/section>\n\t\t\t\t<section class=\"elementor-section elementor-top-section elementor-element elementor-element-68737fa elementor-section-boxed elementor-section-height-default elementor-section-height-default\" data-id=\"68737fa\" data-element_type=\"section\">\n\t\t\t\t\t\t<div class=\"elementor-container elementor-column-gap-default\">\n\t\t\t\t\t<div class=\"elementor-column elementor-col-100 elementor-top-column elementor-element elementor-element-8c225f9\" data-id=\"8c225f9\" data-element_type=\"column\">\n\t\t\t<div class=\"elementor-widget-wrap elementor-element-populated\">\n\t\t\t\t\t\t<div class=\"elementor-element elementor-element-5838e95 elementor-widget elementor-widget-text-editor\" data-id=\"5838e95\" data-element_type=\"widget\" data-widget_type=\"text-editor.default\">\n\t\t\t\t\t\t\t\t\t<p>Nous croyons que tout le monde a le droit de profiter du sport du racquetball, quel que soit le niveau ou le poste qu&rsquo;il occupe. Les athl\u00e8tes, les entra\u00eeneurs, les officiels et les b\u00e9n\u00e9voles ont le droit de participer \u00e0 un environnement d&rsquo;entra\u00eenement et de comp\u00e9tition s\u00fbr et inclusif, exempt d&rsquo;abus, de harc\u00e8lement ou de discrimination.<\/p><p>Nous nous engageons \u00e0 mettre en place un cadre de travail pour la s\u00e9curit\u00e9 dans le sport qui repose sur la <strong><span style=\"color: #cb5555\">PR\u00c9VENTION<\/span><\/strong>, renforc\u00e9e par l&rsquo;<strong><span style=\"color: #cb5555\">\u00c9DUCATION<\/span><\/strong> et un processus de <strong><span style=\"color: #cb5555\">SIGNALEMENT<\/span><\/strong>, le tout soutenu par un ensemble de <strong><span style=\"color: #cb5555\">POLITIQUES<\/span><\/strong> solides.<\/p>\t\t\t\t\t\t\t\t<\/div>\n\t\t\t\t\t<\/div>\n\t\t<\/div>\n\t\t\t\t\t<\/div>\n\t\t<\/section>\n\t\t\t\t<section class=\"elementor-section elementor-top-section elementor-element elementor-element-c6947ba elementor-section-boxed elementor-section-height-default elementor-section-height-default\" data-id=\"c6947ba\" data-element_type=\"section\">\n\t\t\t\t\t\t<div class=\"elementor-container elementor-column-gap-default\">\n\t\t\t\t\t<div class=\"elementor-column elementor-col-33 elementor-top-column elementor-element elementor-element-3426455\" data-id=\"3426455\" data-element_type=\"column\">\n\t\t\t<div class=\"elementor-widget-wrap elementor-element-populated\">\n\t\t\t\t\t\t<div class=\"elementor-element elementor-element-d1210de elementor-widget elementor-widget-image\" data-id=\"d1210de\" data-element_type=\"widget\" data-widget_type=\"image.default\">\n\t\t\t\t\t\t\t\t\t\t\t\t\t\t\t\t<a href=\"https:\/\/racquetballcanada.ca\/fr\/prevention-3\/\">\n\t\t\t\t\t\t\t<img fetchpriority=\"high\" decoding=\"async\" width=\"855\" height=\"1140\" src=\"https:\/\/s3.us-east-1.wasabisys.com\/racquetball-canada\/2023\/01\/Prevention-Button-FR-855x1140.png\" class=\"attachment-large size-large wp-image-23526\" alt=\"\" srcset=\"https:\/\/s3.us-east-1.wasabisys.com\/racquetball-canada\/2023\/01\/Prevention-Button-FR-428x570.png 428w, https:\/\/s3.us-east-1.wasabisys.com\/racquetball-canada\/2023\/01\/Prevention-Button-FR-855x1140.png 855w, https:\/\/s3.us-east-1.wasabisys.com\/racquetball-canada\/2023\/01\/Prevention-Button-FR-225x300.png 225w, https:\/\/s3.us-east-1.wasabisys.com\/racquetball-canada\/2023\/01\/Prevention-Button-FR-768x1024.png 768w, https:\/\/s3.us-east-1.wasabisys.com\/racquetball-canada\/2023\/01\/Prevention-Button-FR-1152x1536.png 1152w, https:\/\/s3.us-east-1.wasabisys.com\/racquetball-canada\/2023\/01\/Prevention-Button-FR-1536x2048.png 1536w, https:\/\/s3.us-east-1.wasabisys.com\/racquetball-canada\/2023\/01\/Prevention-Button-FR-600x800.png 600w, https:\/\/s3.us-east-1.wasabisys.com\/racquetball-canada\/2023\/01\/Prevention-Button-FR.png 1728w\" sizes=\"(max-width: 855px) 100vw, 855px\" \/>\t\t\t\t\t\t\t\t<\/a>\n\t\t\t\t\t\t\t\t\t\t\t\t\t\t\t<\/div>\n\t\t\t\t\t<\/div>\n\t\t<\/div>\n\t\t\t\t<div class=\"elementor-column elementor-col-33 elementor-top-column elementor-element elementor-element-18cef16\" data-id=\"18cef16\" data-element_type=\"column\">\n\t\t\t<div class=\"elementor-widget-wrap elementor-element-populated\">\n\t\t\t\t\t\t<div class=\"elementor-element elementor-element-2962e56 elementor-widget elementor-widget-image\" data-id=\"2962e56\" data-element_type=\"widget\" data-widget_type=\"image.default\">\n\t\t\t\t\t\t\t\t\t\t\t\t\t\t\t\t<a href=\"https:\/\/racquetballcanada.ca\/fr\/prevention-3\/\">\n\t\t\t\t\t\t\t<img decoding=\"async\" width=\"855\" height=\"1140\" src=\"https:\/\/s3.us-east-1.wasabisys.com\/racquetball-canada\/2023\/01\/Education-Button-FR-855x1140.png\" class=\"attachment-large size-large wp-image-23528\" alt=\"\" srcset=\"https:\/\/s3.us-east-1.wasabisys.com\/racquetball-canada\/2023\/01\/Education-Button-FR-428x570.png 428w, https:\/\/s3.us-east-1.wasabisys.com\/racquetball-canada\/2023\/01\/Education-Button-FR-855x1140.png 855w, https:\/\/s3.us-east-1.wasabisys.com\/racquetball-canada\/2023\/01\/Education-Button-FR-225x300.png 225w, https:\/\/s3.us-east-1.wasabisys.com\/racquetball-canada\/2023\/01\/Education-Button-FR-768x1024.png 768w, https:\/\/s3.us-east-1.wasabisys.com\/racquetball-canada\/2023\/01\/Education-Button-FR-1152x1536.png 1152w, https:\/\/s3.us-east-1.wasabisys.com\/racquetball-canada\/2023\/01\/Education-Button-FR-1536x2048.png 1536w, https:\/\/s3.us-east-1.wasabisys.com\/racquetball-canada\/2023\/01\/Education-Button-FR-600x800.png 600w, https:\/\/s3.us-east-1.wasabisys.com\/racquetball-canada\/2023\/01\/Education-Button-FR.png 1728w\" sizes=\"(max-width: 855px) 100vw, 855px\" \/>\t\t\t\t\t\t\t\t<\/a>\n\t\t\t\t\t\t\t\t\t\t\t\t\t\t\t<\/div>\n\t\t\t\t\t<\/div>\n\t\t<\/div>\n\t\t\t\t<div class=\"elementor-column elementor-col-33 elementor-top-column elementor-element elementor-element-3617dd8\" data-id=\"3617dd8\" data-element_type=\"column\">\n\t\t\t<div class=\"elementor-widget-wrap elementor-element-populated\">\n\t\t\t\t\t\t<div class=\"elementor-element elementor-element-58c37de elementor-widget elementor-widget-image\" data-id=\"58c37de\" data-element_type=\"widget\" data-widget_type=\"image.default\">\n\t\t\t\t\t\t\t\t\t\t\t\t\t\t\t\t<a href=\"https:\/\/racquetballcanada.ca\/fr\/signalement\/\">\n\t\t\t\t\t\t\t<img decoding=\"async\" width=\"855\" height=\"1140\" src=\"https:\/\/s3.us-east-1.wasabisys.com\/racquetball-canada\/2023\/01\/Reporting-Button-FR-855x1140.png\" class=\"attachment-large size-large wp-image-23530\" alt=\"\" srcset=\"https:\/\/s3.us-east-1.wasabisys.com\/racquetball-canada\/2023\/01\/Reporting-Button-FR-428x570.png 428w, https:\/\/s3.us-east-1.wasabisys.com\/racquetball-canada\/2023\/01\/Reporting-Button-FR-855x1140.png 855w, https:\/\/s3.us-east-1.wasabisys.com\/racquetball-canada\/2023\/01\/Reporting-Button-FR-225x300.png 225w, https:\/\/s3.us-east-1.wasabisys.com\/racquetball-canada\/2023\/01\/Reporting-Button-FR-768x1024.png 768w, https:\/\/s3.us-east-1.wasabisys.com\/racquetball-canada\/2023\/01\/Reporting-Button-FR-1152x1536.png 1152w, https:\/\/s3.us-east-1.wasabisys.com\/racquetball-canada\/2023\/01\/Reporting-Button-FR-1536x2048.png 1536w, https:\/\/s3.us-east-1.wasabisys.com\/racquetball-canada\/2023\/01\/Reporting-Button-FR-600x800.png 600w, https:\/\/s3.us-east-1.wasabisys.com\/racquetball-canada\/2023\/01\/Reporting-Button-FR.png 1728w\" sizes=\"(max-width: 855px) 100vw, 855px\" \/>\t\t\t\t\t\t\t\t<\/a>\n\t\t\t\t\t\t\t\t\t\t\t\t\t\t\t<\/div>\n\t\t\t\t\t<\/div>\n\t\t<\/div>\n\t\t\t\t\t<\/div>\n\t\t<\/section>\n\t\t\t\t<section class=\"elementor-section elementor-top-section elementor-element elementor-element-19a8dc1 elementor-section-boxed elementor-section-height-default elementor-section-height-default\" data-id=\"19a8dc1\" data-element_type=\"section\">\n\t\t\t\t\t\t<div class=\"elementor-container elementor-column-gap-default\">\n\t\t\t\t\t<div class=\"elementor-column elementor-col-100 elementor-top-column elementor-element elementor-element-c037603\" data-id=\"c037603\" data-element_type=\"column\">\n\t\t\t<div class=\"elementor-widget-wrap elementor-element-populated\">\n\t\t\t\t\t\t<div class=\"elementor-element elementor-element-1224867 elementor-widget elementor-widget-image\" data-id=\"1224867\" data-element_type=\"widget\" data-widget_type=\"image.default\">\n\t\t\t\t\t\t\t\t\t\t\t\t\t\t\t\t<a href=\"https:\/\/s3.us-east-1.wasabisys.com\/racquetball-canada\/2023\/01\/Updated-Policy-Suite-FR.pdf\" target=\"_blank\">\n\t\t\t\t\t\t\t<img loading=\"lazy\" decoding=\"async\" width=\"1140\" height=\"178\" src=\"https:\/\/s3.us-east-1.wasabisys.com\/racquetball-canada\/2023\/01\/Policy-Button-FR-1140x178.png\" class=\"attachment-large size-large wp-image-23532\" alt=\"\" srcset=\"https:\/\/s3.us-east-1.wasabisys.com\/racquetball-canada\/2023\/01\/Policy-Button-FR-570x89.png 570w, https:\/\/s3.us-east-1.wasabisys.com\/racquetball-canada\/2023\/01\/Policy-Button-FR-1140x178.png 1140w, https:\/\/s3.us-east-1.wasabisys.com\/racquetball-canada\/2023\/01\/Policy-Button-FR-300x47.png 300w, https:\/\/s3.us-east-1.wasabisys.com\/racquetball-canada\/2023\/01\/Policy-Button-FR-768x120.png 768w, https:\/\/s3.us-east-1.wasabisys.com\/racquetball-canada\/2023\/01\/Policy-Button-FR-1536x240.png 1536w, https:\/\/s3.us-east-1.wasabisys.com\/racquetball-canada\/2023\/01\/Policy-Button-FR-600x94.png 600w, https:\/\/s3.us-east-1.wasabisys.com\/racquetball-canada\/2023\/01\/Policy-Button-FR.png 1920w\" sizes=\"(max-width: 1140px) 100vw, 1140px\" \/>\t\t\t\t\t\t\t\t<\/a>\n\t\t\t\t\t\t\t\t\t\t\t\t\t\t\t<\/div>\n\t\t\t\t\t<\/div>\n\t\t<\/div>\n\t\t\t\t\t<\/div>\n\t\t<\/section>\n\t\t\t\t<section class=\"elementor-section elementor-top-section elementor-element elementor-element-391be25 elementor-section-boxed elementor-section-height-default elementor-section-height-default\" data-id=\"391be25\" data-element_type=\"section\">\n\t\t\t\t\t\t<div class=\"elementor-container elementor-column-gap-default\">\n\t\t\t\t\t<div class=\"elementor-column elementor-col-100 elementor-top-column elementor-element elementor-element-28e200a\" data-id=\"28e200a\" data-element_type=\"column\">\n\t\t\t<div class=\"elementor-widget-wrap elementor-element-populated\">\n\t\t\t\t\t\t<div class=\"elementor-element elementor-element-c4ea2a3 elementor-widget elementor-widget-spacer\" data-id=\"c4ea2a3\" data-element_type=\"widget\" data-widget_type=\"spacer.default\">\n\t\t\t\t\t\t\t<div class=\"elementor-spacer\">\n\t\t\t<div class=\"elementor-spacer-inner\"><\/div>\n\t\t<\/div>\n\t\t\t\t\t\t<\/div>\n\t\t\t\t\t<\/div>\n\t\t<\/div>\n\t\t\t\t\t<\/div>\n\t\t<\/section>\n\t\t\t\t<section class=\"elementor-section elementor-top-section elementor-element elementor-element-fe48ac2 elementor-section-boxed elementor-section-height-default elementor-section-height-default\" data-id=\"fe48ac2\" data-element_type=\"section\">\n\t\t\t\t\t\t<div class=\"elementor-container elementor-column-gap-default\">\n\t\t\t\t\t<div class=\"elementor-column elementor-col-100 elementor-top-column elementor-element elementor-element-1dced99\" data-id=\"1dced99\" data-element_type=\"column\">\n\t\t\t<div class=\"elementor-widget-wrap elementor-element-populated\">\n\t\t\t\t\t\t<div class=\"elementor-element elementor-element-b84324b elementor-widget elementor-widget-heading\" data-id=\"b84324b\" data-element_type=\"widget\" data-widget_type=\"heading.default\">\n\t\t\t\t\t<h2 class=\"elementor-heading-title elementor-size-default\">Nos actions<\/h2>\t\t\t\t<\/div>\n\t\t\t\t\t<\/div>\n\t\t<\/div>\n\t\t\t\t\t<\/div>\n\t\t<\/section>\n\t\t\t\t<section class=\"elementor-section elementor-top-section elementor-element elementor-element-dfb9d00 elementor-section-boxed elementor-section-height-default elementor-section-height-default\" data-id=\"dfb9d00\" data-element_type=\"section\">\n\t\t\t\t\t\t<div class=\"elementor-container elementor-column-gap-default\">\n\t\t\t\t\t<div class=\"elementor-column elementor-col-100 elementor-top-column elementor-element elementor-element-276e3a7\" data-id=\"276e3a7\" data-element_type=\"column\">\n\t\t\t<div class=\"elementor-widget-wrap elementor-element-populated\">\n\t\t\t\t\t\t<div class=\"elementor-element elementor-element-2bb0424 elementor-widget elementor-widget-text-editor\" data-id=\"2bb0424\" data-element_type=\"widget\" data-widget_type=\"text-editor.default\">\n\t\t\t\t\t\t\t\t\t<p>Nous prenons des mesures pour prot\u00e9ger les personnes impliqu\u00e9es dans le racquetball et nous encourageons tous les clubs, installations, associations provinciales et organisateurs de tournois \u00e0 faire de m\u00eame.<\/p><ul><li style=\"list-style-type: none\"><ul><li>Nous avons adopt\u00e9 <em><strong><span style=\"color: #cb5555\">le <a href=\"https:\/\/cces.ca\/fr\/publications-sur-le-sport-securitaire\" target=\"_blank\" rel=\"noopener\">Code de conduite universel pour pr\u00e9venir et contrer la maltraitance dans le sport<\/a> (CCUMS)<\/span><\/strong><\/em>. L&rsquo;<em>CCUMS<\/em> est le document de base qui \u00e9tablit des r\u00e8gles harmonis\u00e9es de conduite et de comportement pour faire progresser une culture sportive respectueuse qui offre des exp\u00e9riences sportives de qualit\u00e9, inclusives, accessibles, accueillantes et s\u00fbres. Tous ceux qui deviennent des participants inscrits aux activit\u00e9s de Racquetball Canada sont tenus d&rsquo;accepter d&rsquo;adh\u00e9rer \u00e0 l&rsquo;UCCMS, ainsi qu&rsquo;aux politiques de l&rsquo;organisation.<\/li><\/ul><\/li><\/ul><p>\u00a0<\/p><ul><li style=\"list-style-type: none\"><ul><li>Nous avons adopt\u00e9 le <strong><a href=\"https:\/\/cces.ca\/fr\/programme-canadien-de-sport-securitaire\" target=\"_blank\" rel=\"noopener\"><em>Programme canadien de sport s\u00e9curitaire (PCSS)<\/em><\/a>,<\/strong> qui est entr\u00e9 en vigueur le 1er avril 2025. Par le biais des r\u00e8gles du PCSS, <strong>Sport Int\u00e9grit\u00e9 Canada<\/strong> administre de mani\u00e8re ind\u00e9pendante le Code universel de conduite pour pr\u00e9venir et traiter les mauvais traitements dans le sport (UCCMS) pour les organismes de sport de niveau national financ\u00e9s par le gouvernement f\u00e9d\u00e9ral, en recevant et en r\u00e9pondant aux signalements de comportements interdits, et en \u00e9laborant et en menant des activit\u00e9s d&rsquo;\u00e9ducation, de pr\u00e9vention et d&rsquo;\u00e9laboration de politiques.<\/li><\/ul><\/li><\/ul><p>\u00a0<\/p><ul><li style=\"list-style-type: none\"><ul><li>Nous sommes guid\u00e9s par un ensemble solide de <a href=\"https:\/\/s3.us-east-1.wasabisys.com\/racquetball-canada\/2023\/01\/Updated-Policy-Suite-FR.pdf\" target=\"_blank\" rel=\"noopener\"><strong><em>politiques sur le sport s\u00e9curitaire<\/em><\/strong><\/a>.<\/li><\/ul><\/li><\/ul><p>\u00a0<\/p><ul><li style=\"list-style-type: none\"><ul><li>Nous avons pris l&rsquo;engagement du <em style=\"font-family: -apple-system, BlinkMacSystemFont, 'Segoe UI', Roboto, 'Helvetica Neue', Arial, 'Noto Sans', sans-serif, 'Apple Color Emoji', 'Segoe UI Emoji', 'Segoe UI Symbol', 'Noto Color Emoji'\"><strong><a href=\"https:\/\/coach.ca\/fr\/securite-dans-le-sport\/mouvement-entrainement-responsable\" target=\"_blank\" rel=\"noopener\">Mouvement Entra\u00eenement responsable<\/a><\/strong><\/em><span style=\"font-family: -apple-system, BlinkMacSystemFont, 'Segoe UI', Roboto, 'Helvetica Neue', Arial, 'Noto Sans', sans-serif, 'Apple Color Emoji', 'Segoe UI Emoji', 'Segoe UI Symbol', 'Noto Color Emoji'\">.<\/span><\/li><\/ul><\/li><\/ul><p>\u00a0<\/p><ul><li>Nous engageons un <a href=\"https:\/\/www.sportlex.ca\/\" target=\"_blank\" rel=\"noopener\"><em><strong>Gestionnaire de cas tiers ind\u00e9pendant<\/strong><\/em><\/a> pour faciliter les plaintes qui ne rel\u00e8vent pas de la comp\u00e9tence du <em>Programme canadien de sport s\u00e9curitaire (PCSS)<\/em><\/li><\/ul><p><br \/><span style=\"font-family: -apple-system, BlinkMacSystemFont, 'Segoe UI', Roboto, 'Helvetica Neue', Arial, 'Noto Sans', sans-serif, 'Apple Color Emoji', 'Segoe UI Emoji', 'Segoe UI Symbol', 'Noto Color Emoji'\">De plus amples renseignements sur chacune des protections que nous avons mises en place peuvent \u00eatre trouv\u00e9s dans les sections sur le sport s\u00e9curitaire de notre site Web.<\/span><\/p><p><!-- \/wp:paragraph --><\/p>\t\t\t\t\t\t\t\t<\/div>\n\t\t\t\t\t<\/div>\n\t\t<\/div>\n\t\t\t\t\t<\/div>\n\t\t<\/section>\n\t\t\t\t<\/div>\n\t\t","protected":false},"excerpt":{"rendered":"<p>Notre engagement pour un sport s\u00fbr Nous croyons que tout le monde a le droit de profiter du sport du racquetball, quel que soit le niveau ou le poste qu&rsquo;il occupe. Les athl\u00e8tes, les entra\u00eeneurs, les officiels et les b\u00e9n\u00e9voles ont le droit de participer \u00e0 un environnement d&rsquo;entra\u00eenement et de comp\u00e9tition s\u00fbr et inclusif, [&hellip;]<\/p>\n","protected":false},"author":9,"featured_media":0,"parent":0,"menu_order":0,"comment_status":"closed","ping_status":"closed","template":"","meta":{"_acf_changed":false,"footnotes":""},"class_list":["post-23524","page","type-page","status-publish","hentry"],"acf":[],"_links":{"self":[{"href":"https:\/\/racquetballcanada.ca\/fr\/wp-json\/wp\/v2\/pages\/23524","targetHints":{"allow":["GET"]}}],"collection":[{"href":"https:\/\/racquetballcanada.ca\/fr\/wp-json\/wp\/v2\/pages"}],"about":[{"href":"https:\/\/racquetballcanada.ca\/fr\/wp-json\/wp\/v2\/types\/page"}],"author":[{"embeddable":true,"href":"https:\/\/racquetballcanada.ca\/fr\/wp-json\/wp\/v2\/users\/9"}],"replies":[{"embeddable":true,"href":"https:\/\/racquetballcanada.ca\/fr\/wp-json\/wp\/v2\/comments?post=23524"}],"version-history":[{"count":50,"href":"https:\/\/racquetballcanada.ca\/fr\/wp-json\/wp\/v2\/pages\/23524\/revisions"}],"predecessor-version":[{"id":35881,"href":"https:\/\/racquetballcanada.ca\/fr\/wp-json\/wp\/v2\/pages\/23524\/revisions\/35881"}],"wp:attachment":[{"href":"https:\/\/racquetballcanada.ca\/fr\/wp-json\/wp\/v2\/media?parent=23524"}],"curies":[{"name":"wp","href":"https:\/\/api.w.org\/{rel}","templated":true}]}}