{"id":15396,"date":"2021-05-26T19:20:56","date_gmt":"2021-05-26T23:20:56","guid":{"rendered":"https:\/\/racquetballcanada.ca\/?page_id=15396"},"modified":"2021-05-26T19:20:57","modified_gmt":"2021-05-26T23:20:57","slug":"ressources-dentrainement","status":"publish","type":"page","link":"https:\/\/racquetballcanada.ca\/fr\/ressources-dentrainement\/","title":{"rendered":"Ressources d&rsquo;entra\u00eenement"},"content":{"rendered":"\n<h2 class=\"wp-block-heading\" id=\"long-term-athlete-development\">D\u00e9veloppement \u00e0 long terme de l&rsquo;athl\u00e8te<\/h2>\n\n\n\n<p>Qu\u2019ils souhaitent devenir des joueurs de hockey, des danseurs, des patineurs artistiques ou des gymnastes, les enfants, les jeunes et les adultes doivent faire les bonnes choses au bon moment pour pouvoir se d\u00e9velopper de mani\u00e8re sp\u00e9cifique pour ce sport ou cette activit\u00e9.&nbsp;<a href=\"https:\/\/sportpourlavie.ca\/sport-de-qualite\/developpement-a-long-terme\/\"><strong>Le d\u00e9veloppement \u00e0 long terme de l\u2019athl\u00e8te<\/strong><\/a>&nbsp;d\u00e9crit ce que doivent faire les athl\u00e8tes \u00e0 des \u00e2ges et phases de d\u00e9veloppement sp\u00e9cifiques.<\/p>\n\n\n\n<p>Les recherches scientifiques et des d\u00e9cennies d\u2019exp\u00e9rience nous disent toutes la m\u00eame chose : les enfants et adultes pourront \u00eatre actifs et le rester, et m\u00eame atteindre les plus hauts sommets de l\u2019accomplissement sportif, s\u2019ils font les bonnes choses au bon moment. C\u2019est la logique qui sous-tend<strong>&nbsp;<a href=\"http:\/\/sportpourlavie.ca\/wp-content\/uploads\/2018\/08\/DLTPA-Cadre.png\" target=\"_blank\" rel=\"noreferrer noopener\">le cadre de d\u00e9veloppement \u00e0 long terme de l\u2019athl\u00e8te<\/a><\/strong><\/p>\n\n\n\n<p>Les stades de d\u00e9veloppement&nbsp;<em>Sensibilisation<\/em>&nbsp;et&nbsp;<em>Premier contact<\/em>, sont ceux o\u00f9 la personne aborde un sport et (ou) une activit\u00e9 physique. Elle doit savoir quelles opportunit\u00e9s lui sont offertes, quand elle peut essayer cette activit\u00e9 pour la premi\u00e8re fois, et il est essentiel que cette premi\u00e8re exp\u00e9rience soit positive.<\/p>\n\n\n\n<p>Aux stades&nbsp;<em>D\u00e9but actif, S\u2019amuser gr\u00e2ce au sport&nbsp;<\/em>et<em>&nbsp;Apprendre \u00e0 s\u2019entra\u00eener<\/em>, les enfants d\u00e9veloppent leur savoir-faire physique avant la pubert\u00e9, afin d\u2019acqu\u00e9rir les habilet\u00e9s de base qui leur permettront d\u2019\u00eatre actifs pour la vie. Le savoir-faire physique donne aussi les fondements n\u00e9cessaires \u00e0 ceux qui souhaitent suivre un entra\u00eenement d\u2019\u00e9lite dans un sport ou une activit\u00e9 apr\u00e8s avoir franchi le cap des 12 ans.<\/p>\n\n\n\n<p>Aux stades&nbsp;<em>S\u2019entra\u00eener \u00e0 s\u2019entra\u00eener, S\u2019entra\u00eener \u00e0 la comp\u00e9tition&nbsp;<\/em>et<em>&nbsp;S\u2019entra\u00eener \u00e0 gagner<\/em>, on offre un entra\u00eenement d\u2019\u00e9lite \u00e0 ceux et celles qui souhaitent se sp\u00e9cialiser dans un sport et concourir au plus haut niveau, ce qui permet \u00e0 chaque athl\u00e8te de maximiser son d\u00e9veloppement physique, mental et \u00e9motionnel.<\/p>\n\n\n\n<p>Et la phase&nbsp;<em>Actif pour la vie<\/em>&nbsp;permet aux personnes de demeurer actives toute leur vie en continuant \u00e0 participer \u00e0 des activit\u00e9s physiques ou \u00e0 pratiquer le sport au niveau r\u00e9cr\u00e9atif ou comp\u00e9titif.<\/p>\n\n\n\n<p>Le mod\u00e8le de d\u00e9veloppement \u00e0 long terme de l\u2019athl\u00e8te (DLTA) de Racquetball Canada explique la meilleure mani\u00e8re d\u2019utiliser les 10 000 heures, en fonction de l\u2019\u00e2ge et du stade de d\u00e9veloppement de l\u2019athl\u00e8te. Il conseille quoi entra\u00eener, ainsi que comment et quand l\u2019entra\u00eener, et recommande le taux d\u2019entra\u00eenement par rapport \u00e0 la comp\u00e9tition.<\/p>\n\n\n\n<p><strong><a rel=\"noreferrer noopener\" href=\"http:\/\/s3.amazonaws.com\/racquetball-canada\/app\/uploads\/canada\/2019\/03\/05104610\/LTAD-Fr.pdf\" target=\"_blank\">Le mod\u00e8le de d\u00e9veloppement \u00e0 long terme de l\u2019athl\u00e8te de Racquetball Canada<\/a><\/strong>\u00a0a pour objet de donner aux entra\u00eeneurs, parents, clubs et administrateurs sportifs canadiens un aper\u00e7u de l\u2019approche \u00e0 long terme de l\u2019entra\u00eenement et de la pr\u00e9paration. Le plan donne des conseils d\u00e9taill\u00e9s pour l\u2019entra\u00eenement et la comp\u00e9tition, qui aideront tous les intervenants du racquetball (clubs, \u00e9coles) \u00e0 planifier leurs programmes. Racquetball Canada a entrepris un examen de ses comp\u00e9titions afin de d\u00e9terminer comment elle pourrait appliquer les notions du DLTA \u00e0 ses programmes et activit\u00e9s. On peut consulter ce document<strong><a rel=\"noreferrer noopener\" href=\"http:\/\/s3.amazonaws.com\/racquetball-canada\/app\/uploads\/canada\/2019\/03\/07150055\/19_FRplaying_programs_LTADcompreview.pdf\" target=\"_blank\">\u00a0ici<\/a><\/strong>.<\/p>\n\n\n\n<div style=\"height:100px\" aria-hidden=\"true\" class=\"wp-block-spacer\"><\/div>\n\n\n\n<h2 class=\"wp-block-heading\" id=\"matrix\">Matrice de d\u00e9veloppement de l&rsquo;athl\u00e8te<\/h2>\n\n\n\n<p>La matrice de d\u00e9veloppement de l\u2019athl\u00e8te de Racquetball Canada pr\u00e9sente les fondements et la structure de l\u2019\u00e9laboration et de la r\u00e9vision des programmes de d\u00e9veloppement de l\u2019athl\u00e8te et du racquetball. Cette matrice a \u00e9t\u00e9 \u00e9labor\u00e9e en examinant la s\u00e9rie d\u2019habilet\u00e9s que devrait poss\u00e9der un joueur de racquetball id\u00e9al, en faisant tr\u00e8s attention aux lacunes qui existent au sein du syst\u00e8me canadien. Le document ci-dessous devrait aider Racquetball Canada \u00e0 analyser les syst\u00e8mes d\u2019entra\u00eenement et de comp\u00e9titions, ainsi que les protocoles de tests et les m\u00e9thodes de filtrage.<\/p>\n\n\n\n<p>La matrice fournit une ventilation des habilet\u00e9s et des attributs dans les domaines suivants pour chacune des \u00e9tapes du le cadre de d\u00e9veloppement \u00e0 long terme de l\u2019athl\u00e8te.<\/p>\n\n\n\n<ul class=\"wp-block-list\"><li>Qualit\u00e9s physiques<\/li><li>Habilet\u00e9s techniques<\/li><li>Habilet\u00e9s tactiques<\/li><li>Habilet\u00e9s psychologiques<\/li><li>Habilet\u00e9s de vie<\/li><\/ul>\n\n\n\n<p><a rel=\"noreferrer noopener\" href=\"https:\/\/racquetballcanada.ca\/fr\/2018-rc-athlete-development-matrix-adm-fr\/\" target=\"_blank\"><strong>Cliquez ici<\/strong>\u00a0<\/a>pour t\u00e9l\u00e9charger la matrice de d\u00e9veloppement de l\u2019athl\u00e8te de Racquetball Canada.<\/p>\n\n\n\n<div style=\"height:100px\" aria-hidden=\"true\" class=\"wp-block-spacer\"><\/div>\n\n\n\n<h2 class=\"wp-block-heading\">Sport s\u00e9curitaire et Mouvement d\u2019entra\u00eenement responsable (MCR)<\/h2>\n\n\n\n<p>Racquetball Canada croit que tout le monde dans le sport a le droit de pratiquer ce sport \u00e0 n\u2019importe quel niveau ou poste auquel il participe. Les athl\u00e8tes, les entra\u00eeneurs, les officiels et les b\u00e9n\u00e9voles ont le droit de participer \u00e0 une formation inclusive et \u00e0 un environnement concurrentiel exempt d\u2019abus, de harc\u00e8lement ou de discrimination.<\/p>\n\n\n\n<p>Le Mouvement d\u2019entra\u00eenement responsable (MCR) est un appel \u00e0 l\u2019action pour les organismes sportifs et les entra\u00eeneurs afin de maximiser les avantages positifs du sport gr\u00e2ce \u00e0 un entra\u00eenement ax\u00e9 sur les valeurs et les principes. Les outils qui vont de pair avec la MCR offrent d\u2019importantes protections sportives s\u00e9curitaires. Racquetball Canada a pris l\u2019engagement du Mouvement des entra\u00eeneurs responsables et encourage tous les clubs, les installations, les organisateurs d\u2019\u00e9v\u00e9nements et les associations provinciales \u00e0 faire de m\u00eame.<\/p>\n\n\n\n<p>Notre engagement envers le sport s\u00e9curitaire, y compris la MCR, se trouve dans la section Sport s\u00e9curitaire de notre site Web. Veuillez consulter les pages <a href=\"https:\/\/racquetballcanada.ca\/fr\/quest-ce-que-le-sport-securitaire\/?lang=fr\">Sport s\u00e9curtaire<\/a> pour obtenir des renseignements sur les exigences et les ressources relatives \u00e0 Safe Sport pour les entra\u00eeneurs.<\/p>\n","protected":false},"excerpt":{"rendered":"<p>D\u00e9veloppement \u00e0 long terme de l&rsquo;athl\u00e8te Qu\u2019ils souhaitent devenir des joueurs de hockey, des danseurs, des patineurs artistiques ou des gymnastes, les enfants, les jeunes et les adultes doivent faire les bonnes choses au bon moment pour pouvoir se d\u00e9velopper de mani\u00e8re sp\u00e9cifique pour ce sport ou cette activit\u00e9.&nbsp;Le d\u00e9veloppement \u00e0 long terme de l\u2019athl\u00e8te&nbsp;d\u00e9crit [&hellip;]<\/p>\n","protected":false},"author":9,"featured_media":0,"parent":0,"menu_order":0,"comment_status":"closed","ping_status":"closed","template":"","meta":{"_acf_changed":false,"footnotes":""},"class_list":["post-15396","page","type-page","status-publish","hentry"],"acf":[],"_links":{"self":[{"href":"https:\/\/racquetballcanada.ca\/fr\/wp-json\/wp\/v2\/pages\/15396","targetHints":{"allow":["GET"]}}],"collection":[{"href":"https:\/\/racquetballcanada.ca\/fr\/wp-json\/wp\/v2\/pages"}],"about":[{"href":"https:\/\/racquetballcanada.ca\/fr\/wp-json\/wp\/v2\/types\/page"}],"author":[{"embeddable":true,"href":"https:\/\/racquetballcanada.ca\/fr\/wp-json\/wp\/v2\/users\/9"}],"replies":[{"embeddable":true,"href":"https:\/\/racquetballcanada.ca\/fr\/wp-json\/wp\/v2\/comments?post=15396"}],"version-history":[{"count":2,"href":"https:\/\/racquetballcanada.ca\/fr\/wp-json\/wp\/v2\/pages\/15396\/revisions"}],"predecessor-version":[{"id":15398,"href":"https:\/\/racquetballcanada.ca\/fr\/wp-json\/wp\/v2\/pages\/15396\/revisions\/15398"}],"wp:attachment":[{"href":"https:\/\/racquetballcanada.ca\/fr\/wp-json\/wp\/v2\/media?parent=15396"}],"curies":[{"name":"wp","href":"https:\/\/api.w.org\/{rel}","templated":true}]}}