{"id":1395,"date":"2020-06-24T20:48:47","date_gmt":"2020-06-25T00:48:47","guid":{"rendered":"https:\/\/racquetballcanada.ca\/assurance\/"},"modified":"2020-06-24T20:48:47","modified_gmt":"2020-06-25T00:48:47","slug":"assurance","status":"publish","type":"page","link":"https:\/\/racquetballcanada.ca\/fr\/assurance\/","title":{"rendered":"ASSURANCE"},"content":{"rendered":"<p>Plus d&rsquo;informations sur le programme d&rsquo;assurance de Racquetball Canada seront bient\u00f4t publi\u00e9es.<\/p>\n<p>Vous pouvez vous r\u00e9f\u00e9rer aux informations en anglais en attendant.<\/p>\n<p>&nbsp;<\/p>\n<hr \/>\n<h3><strong>Assurance accidents de sport (Couverture au Canada)<\/strong><\/h3>\n<p>L&rsquo;Association canadienne de racquetball (RC) offre une assurance accident de sport aux membres inscrits, y compris les participants, les g\u00e9rants, les entra\u00eeneurs, les administrateurs, les dirigeants, les officiels et les entra\u00eeneurs.<\/p>\n<p>L&rsquo;assurance accident de sport de RC couvre les frais m\u00e9dicaux \u00e0 la charge d&rsquo;un membre assur\u00e9 qui a subi une blessure pendant qu&rsquo;il participait \u00e0 une activit\u00e9 sanctionn\u00e9e par RC. Cette protection s&rsquo;applique au Canada et est compl\u00e9mentaire de tout autre r\u00e9gime d&rsquo;assurance-maladie gouvernemental ou priv\u00e9.<\/p>\n<p><strong>Faits saillants de la couverture en cas d&rsquo;accident de sport<\/strong><\/p>\n<ul>\n<li>Remboursement en cas d&rsquo;accident dentaire jusqu&rsquo;\u00e0 10 000<\/li>\n<li>Remboursement des frais m\u00e9dicaux jusqu&rsquo;\u00e0 15 000<\/li>\n<li>Limite totale payable pour chaque accident 1 000 000 $<\/li>\n<\/ul>\n<p>Des informations plus d\u00e9taill\u00e9es seront bient\u00f4t disponibles.<\/p>\n<p><strong>Instructions pour remplir le formulaire de d\u00e9claration d&rsquo;accident<\/strong><\/p>\n<ul>\n<li><span style=\"color: #000080;\"><strong><a style=\"color: #000080;\" href=\"https:\/\/s3.wasabisys.com\/racquetball-canada\/2020\/06\/24150937\/AJG-Accident-Claim-Form-French.pdf\" target=\"_blank\" rel=\"noopener noreferrer\">Cliquez ici<\/a><\/strong><\/span> pour t\u00e9l\u00e9charger le formulaire de r\u00e9clamation.<\/li>\n<\/ul>\n<ul>\n<li>L\u2019accident doit \u00eatre d\u00e9clar\u00e9 \u00e0 AJ Gallagher\u00a0Canada Ltd. dans les 30 jours et celui-ci doit recevoir la demande d\u2019indemnit\u00e9 et les pieces justificatives dans les 90 jours.<\/li>\n<\/ul>\n<ul>\n<li>Remplissez le formulaire du m\u00e9decin attach\u00e9 et le forme des accidents de sport. Si votre demande est pour blessures dentaires avoir votre dentiste de remplir et de soumettre un formulaire de pr\u00e9d\u00e9termination.<\/li>\n<\/ul>\n<ul>\n<li>Les formulaires peuvent \u00eatre soumis \u00e0 notre bureau par voie \u00e9lectronique ou par t\u00e9l\u00e9copieur. Si vous pr\u00e9sentez les formulaires par la poste, s&rsquo;il vous pla\u00eet faire parvenir des copies seulement et conserver les originaux pour vos dossiers.<\/li>\n<\/ul>\n<p style=\"padding-left: 60px;\">AJ Gallagher Canada Ltd<br \/>\n435 McNeilly Road, Suite 103<br \/>\nStoney Creek, ON L8E 5E3<br \/>\nAttention: Sports and Recreation Department<br \/>\nT\u00e9l\u00e9phone: 1-800-461-5087<br \/>\nFax: 905-643-8321<br \/>\nCourrier \u00c9lectronique: IBAM.StoneyCreek.Sports@ajg.com<\/p>\n<ul>\n<li>Si vous avez l&rsquo;intention de faire une demande mais n&rsquo;ont pas eu de d\u00e9bours \u00e0 ce jour, remplir et soumettre le formulaire en indiquant que les recettes vont suivre.<\/li>\n<\/ul>\n<ul>\n<li>Si vous avez des questions relatives \u00e0 la soumission de formulaires s&rsquo;il vous pla\u00eet contacter Sports &amp; Recreation Department.<\/li>\n<\/ul>\n<p>Si vous \u00eates membres de l&rsquo;\u00e9quipe nationale et que vous souhaitez faire une r\u00e9clamation pour un \u00e9v\u00e9nement qui s&rsquo;est produit pendant un d\u00e9placement \u00e0 l&rsquo;\u00e9tranger pour un \u00e9v\u00e9nement sanctionn\u00e9 par la F\u00e9d\u00e9ration internationale de racquetball, veuillez communiquer avec la directrice administrative de <strong><span style=\"color: #000080;\"><a style=\"color: #000080;\" href=\"maito:execdirector@racquetballcanada.ca\">Racquetball Canada<\/a><\/span><\/strong> qui vous donnera des instructions.<\/p>\n","protected":false},"excerpt":{"rendered":"<p>Plus d&rsquo;informations sur le programme d&rsquo;assurance de Racquetball Canada seront bient\u00f4t publi\u00e9es. Vous pouvez vous r\u00e9f\u00e9rer aux informations en anglais en attendant. &nbsp; Assurance accidents de sport (Couverture au Canada) L&rsquo;Association canadienne de racquetball (RC) offre une assurance accident de sport aux membres inscrits, y compris les participants, les g\u00e9rants, les entra\u00eeneurs, les administrateurs, les [&hellip;]<\/p>\n","protected":false},"author":9,"featured_media":0,"parent":0,"menu_order":0,"comment_status":"closed","ping_status":"closed","template":"","meta":{"_acf_changed":false,"footnotes":""},"class_list":["post-1395","page","type-page","status-publish","hentry"],"acf":[],"_links":{"self":[{"href":"https:\/\/racquetballcanada.ca\/fr\/wp-json\/wp\/v2\/pages\/1395","targetHints":{"allow":["GET"]}}],"collection":[{"href":"https:\/\/racquetballcanada.ca\/fr\/wp-json\/wp\/v2\/pages"}],"about":[{"href":"https:\/\/racquetballcanada.ca\/fr\/wp-json\/wp\/v2\/types\/page"}],"author":[{"embeddable":true,"href":"https:\/\/racquetballcanada.ca\/fr\/wp-json\/wp\/v2\/users\/9"}],"replies":[{"embeddable":true,"href":"https:\/\/racquetballcanada.ca\/fr\/wp-json\/wp\/v2\/comments?post=1395"}],"version-history":[{"count":0,"href":"https:\/\/racquetballcanada.ca\/fr\/wp-json\/wp\/v2\/pages\/1395\/revisions"}],"wp:attachment":[{"href":"https:\/\/racquetballcanada.ca\/fr\/wp-json\/wp\/v2\/media?parent=1395"}],"curies":[{"name":"wp","href":"https:\/\/api.w.org\/{rel}","templated":true}]}}