{"id":1391,"date":"2020-05-15T18:57:54","date_gmt":"2020-05-15T22:57:54","guid":{"rendered":"https:\/\/racquetballcanada.ca\/boutique-en-ligne\/"},"modified":"2022-11-23T12:51:32","modified_gmt":"2022-11-23T17:51:32","slug":"boutique-en-ligne","status":"publish","type":"page","link":"https:\/\/racquetballcanada.ca\/fr\/boutique-en-ligne\/","title":{"rendered":"BOUTIQUE EN LIGNE"},"content":{"rendered":"\t\t<div data-elementor-type=\"wp-page\" data-elementor-id=\"1391\" class=\"elementor elementor-1391\" data-elementor-post-type=\"page\">\n\t\t\t\t\t\t<section class=\"elementor-section elementor-top-section elementor-element elementor-element-edba924 elementor-section-boxed elementor-section-height-default elementor-section-height-default\" data-id=\"edba924\" data-element_type=\"section\">\n\t\t\t\t\t\t<div class=\"elementor-container elementor-column-gap-default\">\n\t\t\t\t\t<div class=\"elementor-column elementor-col-100 elementor-top-column elementor-element elementor-element-17744d2\" data-id=\"17744d2\" data-element_type=\"column\">\n\t\t\t<div class=\"elementor-widget-wrap elementor-element-populated\">\n\t\t\t\t\t\t<div class=\"elementor-element elementor-element-50e9fed elementor-widget elementor-widget-heading\" data-id=\"50e9fed\" data-element_type=\"widget\" data-widget_type=\"heading.default\">\n\t\t\t\t\t<h2 class=\"elementor-heading-title elementor-size-default\">Bienvenue au boutique de Racquetball Canada !<\/h2>\t\t\t\t<\/div>\n\t\t\t\t\t<\/div>\n\t\t<\/div>\n\t\t\t\t\t<\/div>\n\t\t<\/section>\n\t\t\t\t<section class=\"elementor-section elementor-top-section elementor-element elementor-element-d6f94d6 elementor-section-boxed elementor-section-height-default elementor-section-height-default\" data-id=\"d6f94d6\" data-element_type=\"section\">\n\t\t\t\t\t\t<div class=\"elementor-container elementor-column-gap-default\">\n\t\t\t\t\t<div class=\"elementor-column elementor-col-100 elementor-top-column elementor-element elementor-element-0508757\" data-id=\"0508757\" data-element_type=\"column\">\n\t\t\t<div class=\"elementor-widget-wrap elementor-element-populated\">\n\t\t\t\t\t\t<div class=\"elementor-element elementor-element-6e80039 elementor-widget elementor-widget-text-editor\" data-id=\"6e80039\" data-element_type=\"widget\" data-widget_type=\"text-editor.default\">\n\t\t\t\t\t\t\t\t\t<p>Notre objectif est de vous mettre en contact avec des articles que vous ne pouvez peut-\u00eatre pas acheter localement. Nous offrons actuellement des articles d&rsquo;\u00e9quipement et de v\u00eatements de sport. Au fil du temps, nous pr\u00e9voyons ajouter d&rsquo;autres articles au magasin qui int\u00e9resseront les joueurs, les clubs et les amateurs.<\/p><p>N&rsquo;h\u00e9sitez pas \u00e0 nous faire part de vos suggestions sur ce que vous aimeriez voir ajouter. Si vous avez de bonnes id\u00e9es, envoyez-nous un courriel.<\/p><p>Nous sommes en train de construire notre magasin fran\u00e7ais. En attendant, vous pouvez trouver tous nos articles en vente dans la boutique anglaise. Si vous avez des probl\u00e8mes pour passer une commande en anglais, veuillez nous <a href=\"communications@racquetballcanada.ca\">contacter et nous<\/a> pourrons vous aider.<\/p><p>Remarque :<\/p><ul><li>Tous les articles, sauf le mat\u00e9riel du programme d&rsquo;insigne, seront achet\u00e9s et exp\u00e9di\u00e9s par une tierce partie.<\/li><li>Racquetball Canada n&rsquo;est pas responsable des achats, des remboursements, de la garantie ou de la qualit\u00e9 des produits achet\u00e9s, \u00e0 l&rsquo;exception du mat\u00e9riel du programme d&rsquo;insigne.<\/li><\/ul>\t\t\t\t\t\t\t\t<\/div>\n\t\t\t\t\t<\/div>\n\t\t<\/div>\n\t\t\t\t\t<\/div>\n\t\t<\/section>\n\t\t\t\t<section class=\"elementor-section elementor-top-section elementor-element elementor-element-2ccb03a elementor-section-boxed elementor-section-height-default elementor-section-height-default\" data-id=\"2ccb03a\" data-element_type=\"section\">\n\t\t\t\t\t\t<div class=\"elementor-container elementor-column-gap-default\">\n\t\t\t\t\t<div class=\"elementor-column elementor-col-100 elementor-top-column elementor-element elementor-element-8ba5bfb\" data-id=\"8ba5bfb\" data-element_type=\"column\">\n\t\t\t<div class=\"elementor-widget-wrap elementor-element-populated\">\n\t\t\t\t\t\t<div class=\"elementor-element elementor-element-f5fc0ae elementor-widget elementor-widget-button\" data-id=\"f5fc0ae\" data-element_type=\"widget\" data-widget_type=\"button.default\">\n\t\t\t\t\t\t\t\t\t\t<a class=\"elementor-button elementor-button-link elementor-size-md\" href=\"https:\/\/racquetballcanada.ca\/racquetball-canada-store\/\" target=\"_blank\">\n\t\t\t\t\t\t<span class=\"elementor-button-content-wrapper\">\n\t\t\t\t\t\t<span class=\"elementor-button-icon\">\n\t\t\t\t<svg aria-hidden=\"true\" class=\"e-font-icon-svg e-fas-arrow-alt-circle-right\" viewBox=\"0 0 512 512\" xmlns=\"http:\/\/www.w3.org\/2000\/svg\"><path d=\"M256 8c137 0 248 111 248 248S393 504 256 504 8 393 8 256 119 8 256 8zM140 300h116v70.9c0 10.7 13 16.1 20.5 8.5l114.3-114.9c4.7-4.7 4.7-12.2 0-16.9l-114.3-115c-7.6-7.6-20.5-2.2-20.5 8.5V212H140c-6.6 0-12 5.4-12 12v64c0 6.6 5.4 12 12 12z\"><\/path><\/svg>\t\t\t<\/span>\n\t\t\t\t\t\t\t\t\t<span class=\"elementor-button-text\">Cliquez ici pour acc\u00e9der \u00e0 notre magasin en anglais.<\/span>\n\t\t\t\t\t<\/span>\n\t\t\t\t\t<\/a>\n\t\t\t\t\t\t\t\t<\/div>\n\t\t\t\t\t<\/div>\n\t\t<\/div>\n\t\t\t\t\t<\/div>\n\t\t<\/section>\n\t\t\t\t<\/div>\n\t\t","protected":false},"excerpt":{"rendered":"<p>Bienvenue au boutique de Racquetball Canada ! Notre objectif est de vous mettre en contact avec des articles que vous ne pouvez peut-\u00eatre pas acheter localement. Nous offrons actuellement des articles d&rsquo;\u00e9quipement et de v\u00eatements de sport. Au fil du temps, nous pr\u00e9voyons ajouter d&rsquo;autres articles au magasin qui int\u00e9resseront les joueurs, les clubs et [&hellip;]<\/p>\n","protected":false},"author":9,"featured_media":550,"parent":0,"menu_order":0,"comment_status":"closed","ping_status":"closed","template":"elementor_header_footer","meta":{"_acf_changed":false,"footnotes":""},"class_list":["post-1391","page","type-page","status-publish","has-post-thumbnail","hentry"],"acf":[],"_links":{"self":[{"href":"https:\/\/racquetballcanada.ca\/fr\/wp-json\/wp\/v2\/pages\/1391","targetHints":{"allow":["GET"]}}],"collection":[{"href":"https:\/\/racquetballcanada.ca\/fr\/wp-json\/wp\/v2\/pages"}],"about":[{"href":"https:\/\/racquetballcanada.ca\/fr\/wp-json\/wp\/v2\/types\/page"}],"author":[{"embeddable":true,"href":"https:\/\/racquetballcanada.ca\/fr\/wp-json\/wp\/v2\/users\/9"}],"replies":[{"embeddable":true,"href":"https:\/\/racquetballcanada.ca\/fr\/wp-json\/wp\/v2\/comments?post=1391"}],"version-history":[{"count":9,"href":"https:\/\/racquetballcanada.ca\/fr\/wp-json\/wp\/v2\/pages\/1391\/revisions"}],"predecessor-version":[{"id":22718,"href":"https:\/\/racquetballcanada.ca\/fr\/wp-json\/wp\/v2\/pages\/1391\/revisions\/22718"}],"wp:featuredmedia":[{"embeddable":true,"href":"https:\/\/racquetballcanada.ca\/fr\/wp-json\/wp\/v2\/media\/550"}],"wp:attachment":[{"href":"https:\/\/racquetballcanada.ca\/fr\/wp-json\/wp\/v2\/media?parent=1391"}],"curies":[{"name":"wp","href":"https:\/\/api.w.org\/{rel}","templated":true}]}}