{"id":1388,"date":"2020-05-07T22:10:31","date_gmt":"2020-05-08T02:10:31","guid":{"rendered":"https:\/\/racquetballcanada.ca\/equity-diversity-inclusion-fr\/"},"modified":"2022-05-02T17:38:23","modified_gmt":"2022-05-02T21:38:23","slug":"equity-diversity-inclusion-fr","status":"publish","type":"page","link":"https:\/\/racquetballcanada.ca\/fr\/equity-diversity-inclusion-fr\/","title":{"rendered":"\u00c9QUIT\u00c9, DIVERSIT\u00c9 ET INCLUSION"},"content":{"rendered":"\n<p>Racquetball Canada s&rsquo;engage \u00e0 se tourner vers l&rsquo;avenir et \u00e0 \u00eatre un chef de file en mati\u00e8re d&rsquo;\u00e9quit\u00e9, de diversit\u00e9 et d&rsquo;inclusion, et \u00e0 s&rsquo;opposer \u00e0 toute forme de racisme, de discrimination ou de harc\u00e8lement sur le terrain et \u00e0 l&rsquo;ext\u00e9rieur, afin de s&rsquo;assurer que tous les Canadiens et Canadiennes se voient repr\u00e9sent\u00e9s dans notre sport.<\/p>\n\n\n\n<p>Racquetball Canada a d\u00e9cid\u00e9 de continuer \u00e0 int\u00e9grer les questions d\u2019inclusion, de diversit\u00e9 et d\u2019\u00e9quit\u00e9 dans ses strat\u00e9gies, plans, actions et op\u00e9rations, y compris les programmes techniques, la gestion des affaires, les commandites, le marketing, les m\u00e9dias et les communications.<\/p>\n\n\n\n<p>Racquetball Canada veillera \u00e0 ce que l\u2019organisation offre aux groupes sous-repr\u00e9sent\u00e9s un \u00e9ventail complet et \u00e9quitable de possibilit\u00e9s de participer et de diriger.<\/p>\n\n\n\n<div style=\"height:100px\" aria-hidden=\"true\" class=\"wp-block-spacer\"><\/div>\n\n\n\n<h2 class=\"wp-block-heading\">Formation<\/h2>\n\n\n\n<h3 class=\"wp-block-heading\"><strong>Formation du programme Gardons les filles en sport<\/strong><\/h3>\n\n\n\n<p>Le programme <em><strong><a href=\"https:\/\/french.respectgroupinc.com\/gardons-les-filles-en-sport\/\" target=\"_blank\" rel=\"noreferrer noopener\">Gardons les filles en sport<\/a><\/strong><\/em>&nbsp;est une ressource en ligne qui aide les entra\u00eeneurs et les responsables d\u2019activit\u00e9s pour les jeunes \u00e0 cr\u00e9er des environnements s\u00e9curitaires et respectueux pour les athl\u00e8tes f\u00e9minines, ce qui aidera les filles \u00e0 rester inscrites et engag\u00e9es dans le sport et l\u2019activit\u00e9 physique.<\/p>\n\n\n\n<p>Le programme \u00abGardons les filles en sport\u00bb a \u00e9t\u00e9 cr\u00e9\u00e9 pour aider tous ceux qui entra\u00eenent des filles, et m\u00eame leurs parents, \u00e0 comprendre comment les filles se d\u00e9veloppent physiquement, mentalement, socialement et \u00e9motionnellement. Lorsque nous comprenons comment et pourquoi les filles jouent, nous pouvons aider chaque jeune athl\u00e8te \u00e0 rester dans le sport, \u00e0 atteindre son potentiel et \u00e0 rester active longtemps apr\u00e8s la fin des comp\u00e9titions. Et finalement \u00e0 devenir la prochaine g\u00e9n\u00e9ration d\u2019entra\u00eeneurs et de mod\u00e8les f\u00e9minins inspirants.<\/p>\n\n\n\n<p><a href=\"https:\/\/french.respectgroupinc.com\/gardons-les-filles-en-sport\/\" target=\"_blank\" rel=\"noreferrer noopener\"><strong>Cliquez ici<\/strong><\/a>&nbsp;pour plus d\u2019informations sur le programme <em>Gardons les filles en sport<\/em>.<\/p>\n\n\n\n<p><strong><a href=\"https:\/\/racquetballcanada-kgis.respectgroupinc.com\/\" target=\"_blank\" rel=\"noreferrer noopener\">Cliquez ici<\/a><\/strong> pour vous inscrire au programme <em>Gardons les filles en&nbsp;sport<\/em>.<\/p>\n\n\n\n<h3 class=\"wp-block-heading\">Le M\u00c9MO de l\u2019\u00e9quit\u00e9 des genres<\/h3>\n\n\n\n<p>Que nous le r\u00e9alisions ou non, chacun de nous regarde le monde diff\u00e9remment, \u00e0 travers des optiques diff\u00e9rentes qui fa\u00e7onnent nos perceptions, nos attitudes et nos actions. Gr\u00e2ce \u00e0 ce nouveau module \u00e9lectronique de <em><strong><a href=\"https:\/\/womenandsport.ca\/fr\/accueil\/\" target=\"_blank\" rel=\"noreferrer noopener\">Femmes et sport Canada<\/a><\/strong><\/em> vous apprendrez comment int\u00e9grer une perspective sur l\u2019\u00e9galit\u00e9 des genres dans le sport et r\u00e9fl\u00e9chir \u00e0 la mani\u00e8re dont vos d\u00e9cisions peuvent avoir un impact diff\u00e9rent sur les gens. Plus important encore, il vous aidera \u00e0 prendre des d\u00e9cisions en mati\u00e8re de politiques et de programmes pour mieux servir les femmes et les filles.<\/p>\n\n\n\n<p>Ce module \u00e9lectronique vous permettra de mieux comprendre les principaux concepts d\u2019\u00e9quit\u00e9 et d\u2019inclusion, d\u2019apprendre comment l\u2019adoption de l\u2019\u00e9quit\u00e9 entre les sexes peut am\u00e9liorer votre sport pour toutes les parties concern\u00e9es et de repartir avec des outils qui vous aideront \u00e0 appliquer un prisme de genre dans vos d\u00e9cisions perfectionnement professionnel du PNCE.<\/p>\n\n\n\n<p><em>Le&nbsp;M\u00c9MO de L\u2019\u00e9quit\u00e9 des genres<\/em> sera lanc\u00e9 en l\u2019\u00e9t\u00e9 2020.&nbsp;<a rel=\"noreferrer noopener\" href=\"https:\/\/womenandsport.ca\/fr\/possibilites-dapprentissage\/apprentissage-en-ligne\/memo-lequite-des-genres\/\" target=\"_blank\">Cliquez ici<\/a>&nbsp;pour plus d\u2019informations sur ce programme.<\/p>\n\n\n\n<div style=\"height:100px\" aria-hidden=\"true\" class=\"wp-block-spacer\"><\/div>\n\n\n\n<h2 class=\"wp-block-heading\">Autres Ressources<\/h2>\n\n\n\n<p>De nombreuses excellentes ressources sont disponibles pour aider les entra\u00eeneurs, les athl\u00e8tes, les parents et ceux qui offrent des programmes de racquetball.<\/p>\n\n\n\n<p>De plus, il existe un certain nombre d\u2019organisations dont le mandat est de d\u00e9fendre l\u2019inclusion, la diversit\u00e9 et l\u2019\u00e9quit\u00e9. Nous vous incitons \u00e0 consulter ces ressources pour vous aider \u00e0 faire en sorte que vos programmes soient accueillants pour tous.<\/p>\n\n\n\n<h3 class=\"wp-block-heading\"><strong>Femmes et sport Canada (anciennement ACAFS)<\/strong><\/h3>\n\n\n\n<p>Le site web de <em><a href=\"https:\/\/womenandsport.ca\/fr\/accueil\/\" target=\"_blank\" rel=\"noreferrer noopener\"><strong>Femmes et sport Canada<\/strong><\/a><\/em> propose de nombreuses ressources telles que des publications, des bo\u00eetes \u00e0 outils, des \u00e9tudes de cas ainsi que des possibilit\u00e9s d\u2019apprentissage sous forme de s\u00e9minaires sur Internet, d\u2019ateliers et de modules d\u2019apprentissage en ligne. Leurs ressources sont ax\u00e9es sur :<\/p>\n\n\n\n<ul class=\"wp-block-list\"><li><strong><a href=\"https:\/\/womenandsport.ca\/fr\/sujet\/alliances-et-defense-des-interets\/\" target=\"_blank\" rel=\"noreferrer noopener\">Allier et d\u00e9fendre<\/a><\/strong><\/li><li><strong><a href=\"https:\/\/womenandsport.ca\/fr\/sujet\/pratiques-exemplaires-pour-les-organismes\/\" target=\"_blank\" rel=\"noreferrer noopener\">Bonnes pratiques pour les organisations<\/a><\/strong><\/li><li><strong><a href=\"https:\/\/womenandsport.ca\/fr\/sujet\/entrainement-et-conception-de-programmes-pour-les-filles\/\" target=\"_blank\" rel=\"noreferrer noopener\">Encadrement et conception pour les filles<\/a><\/strong><\/li><li><strong><a href=\"https:\/\/womenandsport.ca\/fr\/sujet\/la-diversite-chez-les-filles-et-les-femmes\/\" target=\"_blank\" rel=\"noreferrer noopener\">Diversit\u00e9 des filles et des femmes<\/a><\/strong><\/li><li><strong><a href=\"https:\/\/womenandsport.ca\/fr\/sujet\/developpement-du-leadership\/\" target=\"_blank\" rel=\"noreferrer noopener\">D\u00e9veloppement du leadership<\/a><\/strong><\/li><\/ul>\n\n\n\n<p>Voici un aper\u00e7u de ce qui est disponible sur le site de <em>Femmes et sport Canada<\/em> :<\/p>\n\n\n\n<ul class=\"wp-block-list\"><li><em><strong><a href=\"https:\/\/womenandsport.ca\/fr\/ressources\/publications\/elle-est-a-sa-place\/\" target=\"_blank\" rel=\"noreferrer noopener\">Elle est ici \u00e0 sa place<\/a><\/strong>&nbsp;:&nbsp;<\/em>Cr\u00e9er des liens sociaux pour une participation durable au sport<\/li><li><em><strong><a href=\"https:\/\/womenandsport.ca\/fr\/ressources\/publications\/engagement-actif-filles-et-femmes\/\" target=\"_blank\" rel=\"noreferrer noopener\">Engager activement les femmes et les filles<\/a> :<\/strong>&nbsp;<\/em>S\u2019attaquer aux facteurs psychosociaux<\/li><li><em><strong><a href=\"https:\/\/womenandsport.ca\/fr\/ressources\/publications\/montrer-le-chemin-lgbtq\/\" target=\"_blank\" rel=\"noreferrer noopener\">Montrer le chemin<\/a><\/strong> :&nbsp;<\/em>Travailler avec les athl\u00e8tes et les entra\u00eeneurs LGBTQ<\/li><li><em><strong><a href=\"https:\/\/womenandsport.ca\/fr\/ressources\/publications\/guide-en-mouvement\/\" target=\"_blank\" rel=\"noreferrer noopener\">Guide En mouvement<\/a><\/strong><\/em> :&nbsp;&nbsp;Encadrement et conception de programmes pour les filles<\/li><li><em><strong><a href=\"https:\/\/womenandsport.ca\/fr\/possibilites-dapprentissage\/webinaires\/inclusion-des-nouvelles-arrivantes\/\" target=\"_blank\" rel=\"noreferrer noopener\">Soutenir les jeunes filles et les femmes nouvellement arriv\u00e9es gr\u00e2ce au sport<\/a>&nbsp;<\/strong>: Les strat\u00e9gies que les fournisseurs de services au Canada ont utilis\u00e9es pour mieux comprendre les besoins des filles et des femmes nouvellement arriv\u00e9es et accro\u00eetre leur engagement dans les programmes sportifs.<\/em><\/li><\/ul>\n\n\n\n<h3 class=\"wp-block-heading\"><strong>Centre canadien pour l\u2019\u00e9thique dans le sport<\/strong><\/h3>\n\n\n\n<p>En tant que d\u00e9fenseur d\u2019un sport \u00e9quitable, s\u00e9curitaire et ouvert, le <strong><em><a href=\"https:\/\/cces.ca\/fr\" target=\"_blank\" rel=\"noreferrer noopener\">Centre canadien pour l\u2019\u00e9thique dans le spor<\/a><\/em><u><em>t<\/em>&nbsp;<\/u><\/strong>a \u00e9labor\u00e9 des ressources pour la communaut\u00e9 sportive canadienne afin de lui fournir des informations et des conseils pour l\u2019inclusion des athl\u00e8tes trans, et pour faire du sport canadien un espace positif pour tous les athl\u00e8tes. Visitez la section de son site web sur la <strong><a href=\"https:\/\/cces.ca\/fr\/inclusivite-de-genres\" target=\"_blank\" rel=\"noreferrer noopener\">diversit\u00e9 des sexes et des genres<\/a><\/strong>&nbsp;pour d\u2019excellents webinaires et publications sur la transinclusion,<\/p>\n\n\n\n<h3 class=\"wp-block-heading\"><strong>Au Canada, le sport c\u2019est pour la vie<\/strong><\/h3>\n\n\n\n<p>L\u2019organisme Au Canada,<em><strong> <a href=\"https:\/\/sportpourlavie.ca\" target=\"_blank\" rel=\"noreferrer noopener\">Le sport c\u2019est pour la vie<\/a><\/strong><\/em> \u00e9duque et informe les dirigeants sportifs pour leur permettre de mieux comprendre et de mettre en \u0153uvre des programmes de DLTA, de sport de qualit\u00e9 et de savoir-faire physique. Il s\u2019agit d\u2019une organisation nationale \u00e0 but non lucratif compos\u00e9e d\u2019experts en sport et en culture physique qui collaborent avec d\u2019autres institutions canadiennes pour cr\u00e9er un avenir dans lequel absolument tout le monde a acc\u00e8s \u00e0 des exp\u00e9riences de sport et de culture physique de qualit\u00e9.&nbsp; Vous trouverez ci-dessous des liens vers des informations cl\u00e9s sur leur site web en rapport avec l\u2019inclusion :<\/p>\n\n\n\n<ul class=\"wp-block-list\"><li><strong><a href=\"https:\/\/litteratiephysique.ca\/athletes-handicap\/\" target=\"_blank\" rel=\"noreferrer noopener\">Savoir-faire physique et d\u00e9veloppement des athl\u00e8tes ayant un handicap<\/a><\/strong><\/li><li><strong><a href=\"https:\/\/litteratiephysique.ca\/femmes-filles\/\" target=\"_blank\" rel=\"noreferrer noopener\">Les femmes et les filles dans le sport<\/a><\/strong><\/li><li><strong><a href=\"https:\/\/litteratiephysique.ca\/autochtones\/\" target=\"_blank\" rel=\"noreferrer noopener\">Les peuples indig\u00e8nes<\/a><\/strong><\/li><li><strong><a href=\"https:\/\/litteratiephysique.ca\/nouveaux-arrivants\/\" target=\"_blank\" rel=\"noreferrer noopener\">Nouveaux arrivants<\/a><\/strong><\/li><\/ul>\n\n\n\n<h3 class=\"wp-block-heading\"><strong>Association canadienne des entra\u00eeneurs<\/strong><\/h3>\n\n\n\n<p>La <em><strong><a href=\"https:\/\/coach.ca\/fr\" target=\"_blank\" rel=\"noreferrer noopener\">Association canadienne des entra\u00eeneurs<\/a><\/strong><\/em> propose de nombreux modules et campagnes de formation multisports qui fournissent aux entra\u00eeneurs les informations et les outils n\u00e9cessaires pour les aider \u00e0 \u00eatre plus efficaces, dont certains ont un impact direct sur la compr\u00e9hension qu\u2019a un entra\u00eeneur de l\u2019\u00e9quit\u00e9, de la diversit\u00e9 et de l\u2019inclusion. Il s\u2019agit notamment de:<\/p>\n\n\n\n<p>Le programme <a href=\"https:\/\/coach.ca\/fr\/les-entraineures\" target=\"_blank\" rel=\"noreferrer noopener\"><em><strong>Les&nbsp;entra\u00eeneurs<\/strong><\/em><\/a>&nbsp;est une campagne nationale dirig\u00e9e pour augmenter le nombre de possibilit\u00e9s d\u2019entra\u00eenement pour les femmes \u00e0 tous les niveaux du sport. Le programme, <em>Les&nbsp;entra\u00eeneurs<\/em>offre aux femmes des possibilit\u00e9s d\u2019entra\u00eenement et de mentorat, l\u2019acc\u00e8s \u00e0 des subventions et \u00e0 des partenariats, ainsi qu\u2019\u00e0 d\u2019autres ressources importantes.<\/p>\n\n\n\n<p><em><strong><a href=\"https:\/\/coach.ca\/fr\/entrainer-des-athletes-ayant-un-handicap-0\" target=\"_blank\" rel=\"noreferrer noopener\">Entra\u00eener des athl\u00e8tes ayant un handicap<\/a><\/strong>:&nbsp;<\/em>L\u2019ACE a d\u00e9velopp\u00e9 des ressources pour aider les entra\u00eeneurs \u00e0 cr\u00e9er une exp\u00e9rience sportive positive pour leurs athl\u00e8tes ayant un handicap sensoriel, intellectuel, physique ou comportemental. Ces outils comprennent le module d\u2019apprentissage en ligne du PNCE intitul\u00e9 <em>Entra\u00eener les athl\u00e8tes ayant un handicap<\/em>&nbsp;et des manuels d\u00e9taill\u00e9s pour aider \u00e0 rendre les programmes plus accueillants et plus efficaces.<\/p>\n\n\n\n<p>Le <em><strong><a href=\"https:\/\/coach.ca\/fr\/programme-des-entraineurs-autochtones\" target=\"_blank\" rel=\"noreferrer noopener\">programme Entra\u00eeneur(e)s autochtone<\/a><\/strong><\/em>&nbsp;contient du mat\u00e9riel culturellement pertinent destin\u00e9 \u00e0 faire participer les entra\u00eeneurs qui travaillent avec des athl\u00e8tes autochtones et \u00e0 leur donner les moyens d\u2019avoir un impact positif et durable dans leurs communaut\u00e9s. Les ressources comprennent un programme de formation de trois modules d\u2019entra\u00eenement autochtone du PNCE qui refl\u00e8te la culture, les valeurs et les modes de vie autochtones uniques.<\/p>\n\n\n\n<p><em><strong><a href=\"https:\/\/coach.ca\/sites\/default\/files\/2020-02\/Montrer_le_chemin_v2017.pdf\" target=\"_blank\" rel=\"noreferrer noopener\">Montrer le chemin : Travailler avec les athl\u00e8tes et les entra\u00eeneurs LGBT<\/a><\/strong><\/em>&nbsp;vise \u00e0 aider les entra\u00eeneurs \u00e0 garantir un environnement sportif accueillant pour tous. Les entra\u00eeneurs jouent un r\u00f4le essentiel dans la cr\u00e9ation d\u2019un environnement sportif s\u00e9curitaire et respectueux pour tous, ind\u00e9pendamment de l\u2019origine ethnique, de la religion, de l\u2019orientation sexuelle ou de l\u2019identit\u00e9 de genre.<\/p>\n\n\n\n<h3 class=\"wp-block-heading\"><strong>Comit\u00e9 paralympique canadien<\/strong><\/h3>\n\n\n\n<p>Le <em><strong><a href=\"https:\/\/paralympique.ca\" target=\"_blank\" rel=\"noreferrer noopener\">Comit\u00e9 paralympique canadien<\/a><\/strong><\/em>&nbsp;fournit des cadres importants qui aident les organisations \u00e0 d\u00e9finir leur approche de la cr\u00e9ation d\u2019environnements s\u00e9curitaires, accueillants et inclusifs pour les athl\u00e8tes ayant un handicap. <strong><a href=\"https:\/\/paralympique.ca\/diversite-et-linclusion-0\" target=\"_blank\" rel=\"noreferrer noopener\">Cliquez ici<\/a><\/strong>&nbsp;pour acc\u00e9der \u00e0 des informations sur la diversit\u00e9 et l\u2019inclusion.<\/p>\n\n\n\n<h3 class=\"wp-block-heading\"><strong>Centre de documentation pour le sport (CDS)<\/strong><\/h3>\n\n\n\n<p><em><strong><a href=\"https:\/\/sirc.ca\/fr\/\" target=\"_blank\" rel=\"noreferrer noopener\">Le Centre de documentation pour le sport<\/a><\/strong><\/em> (CDS)&nbsp;est une \u00e9quipe de professionnels d\u00e9vou\u00e9s \u00e0 l\u2019avancement du secteur du sport et de l\u2019activit\u00e9 physique au Canada par le biais de la connaissance et de l\u2019engagement. Le CDS est fier d\u2019\u00eatre le moteur du changement gr\u00e2ce \u00e0 la recherche et aux preuves, et de servir de leader d\u2019opinion dans le domaine du sport au Canada.<\/p>\n\n\n\n<p>Le site web du CDS fournit des ressources sur un large \u00e9ventail de sujets, y compris une section sur l\u2019\u00e9galit\u00e9 des sexes. <strong><a href=\"https:\/\/sirc.ca\/fr\/equite-entre-les-sexes\/\" target=\"_blank\" rel=\"noreferrer noopener\">Cliquez ici<\/a><\/strong>&nbsp;pour acc\u00e9der \u00e0 la section des ressources du site Web du CDS.<\/p>\n\n\n\n<h3 class=\"wp-block-heading\"><strong>Autres organisations et programmes<\/strong><\/h3>\n\n\n\n<ul class=\"wp-block-list\"><li><strong><em><a href=\"https:\/\/www.sportengland.org\/campaigns-and-our-work\/this-girl-can\" target=\"_blank\" rel=\"noreferrer noopener\">Sport England:<\/a> <a href=\"https:\/\/www.sportengland.org\/campaigns-and-our-work\/this-girl-can\" target=\"_blank\" rel=\"noreferrer noopener\">This Girl Can <\/a><\/em><\/strong>est une campagne nationale visant \u00e0 faire bouger les femmes et les filles, quelles que soient leur forme, leur taille et leurs capacit\u00e9s. Le site Web comprend de grands concepts, du mat\u00e9riel et des ressources pour ceux qui travaillent pour inspirer les femmes et les filles et qui d\u00e9veloppent des programmes.<\/li><li><strong><em><a href=\"https:\/\/egale.ca\" target=\"_blank\" rel=\"noreferrer noopener\">Egale Canada<\/a><\/em>&nbsp;:&nbsp;<\/strong>Vise \u00e0 am\u00e9liorer la vie des personnes LGBTQI2S au Canada et \u00e0 renforcer la r\u00e9ponse mondiale aux probl\u00e8mes des LGBTQI2S.<\/li><li><em><strong><a href=\"https:\/\/fr.jumpstart.canadiantire.ca\" target=\"_blank\" rel=\"noreferrer noopener\">Bon d\u00e9part \u2013 Entra\u00eener des enfants de tous les niveaux<\/a><\/strong>&nbsp;<\/em>est l\u2019un des programmes propos\u00e9s par l\u2019organisation caritative Jumpstart. Il s\u2019agit d\u2019une ressource en ligne qui aide les entra\u00eeneurs et les animateurs d\u2019activit\u00e9s pour les jeunes \u00e0 cr\u00e9er des environnements sportifs inclusifs pour les enfants de toutes capacit\u00e9s.<\/li><li><strong><em><a href=\"https:\/\/olympique.ca\/education\/une-equipe\/\" target=\"_blank\" rel=\"noreferrer noopener\">Programme Une \u00e9quipe du Comit\u00e9 olympique canadien<\/a><\/em>\u2013 <\/strong>Le programme <em>Une \u00e9quipe<\/em> du COC encourage l\u2019inclusion et le respect des LGBTQ dans les \u00e9coles et le sport \u00e0 travers le pays. Le COC a d\u00e9velopp\u00e9 une excellente ressource t\u00e9l\u00e9chargeable disponible sur sa page web.<\/li><li><em><strong><a href=\"http:\/\/youcanplayproject.org\" target=\"_blank\" rel=\"noreferrer noopener\">Le projet You Can Play<\/a><\/strong><\/em> \u2013 cherche \u00e0 d\u00e9fier la culture des vestiaires et des zones de spectateurs en se concentrant uniquement sur les comp\u00e9tences, l\u2019\u00e9thique du travail et l\u2019esprit de comp\u00e9tition d\u2019un athl\u00e8te.<\/li><li><em><a href=\"https:\/\/www.gris.ca\/notre-organisme\/\" target=\"_blank\" rel=\"noreferrer noopener\"><strong>GRIS<\/strong><\/a><\/em>&nbsp;\u2013 acronyme de Groupe de Recherche et d\u2019Intervention Sociale, est une organisation communautaire \u00e0 but non lucratif qui d\u00e9mystifie l\u2019orientation et l\u2019identit\u00e9 sexuelles en partageant des t\u00e9moignages d\u2019exp\u00e9riences v\u00e9cues.<\/li><li><strong><em><a href=\"https:\/\/ccgsd-ccdgs.org\/fr\/sports\/\" target=\"_blank\" rel=\"noreferrer noopener\">Centre canadien de la diversit\u00e9 des genres + de la&nbsp;sexualit\u00e9&nbsp;Programme d\u2019inclusion dans le sport<\/a><\/em>&nbsp;<\/strong>\u2013 Ce programme vise \u00e0 lutter contre l\u2019homophobie et la transphobie dans l\u2019athl\u00e9tisme dans le but de faire du sport un passe-temps plus accueillant et plus inclusif pour tous les athl\u00e8tes, ind\u00e9pendamment de leur orientation sexuelle et\/ou de leur identit\u00e9 de genre.<\/li><li><em><strong><a href=\"https:\/\/www.viasport.ca\/inclusion\" target=\"_blank\" rel=\"noreferrer noopener\">Via Sport<\/a>&nbsp;<\/strong><\/em>\u2013 Via Sport a d\u00e9velopp\u00e9 un certain nombre de ressources li\u00e9es \u00e0 l\u2019inclusion dans le sport, notamment des ressources pour les femmes et les filles, les personnes handicap\u00e9es et la communaut\u00e9 LGBTQI2S.<\/li><li><em><a href=\"http:\/\/theinclusionclub.com\" target=\"_blank\" rel=\"noreferrer noopener\"><strong>The Inclusion Club<\/strong><\/a><\/em>&nbsp;est un organisme international qui permet aux gens de mettre en valeur la capacit\u00e9 des personnes ayant un handicap, gr\u00e2ce au sport, \u00e0 l\u2019activit\u00e9 physique et auxloisirs actifs. Le site web propose d\u2019innombrables ressources, notamment des podcasts, des webinaires et des ressources.<\/li><li><em><a href=\"https:\/\/www.communityfoundations.ca\/fr\/\" target=\"_blank\" rel=\"noreferrer noopener\"><strong>Fondations communautaires du Canada<\/strong><\/a><\/em>&nbsp;\u2013 Les fondations communautaires sont un r\u00e9seau de fondations et de coalitions communautaires. Entre autres initiatives, l\u2019organisation estime que le sport favorise la vitalit\u00e9 des communaut\u00e9s. Visitez leur site pour trouver leur ressource sur le <a href=\"https:\/\/www.communityfoundations.ca\/fr\/topics\/sport-fr\/\" target=\"_blank\" rel=\"noreferrer noopener\"><strong>sport et l\u2019appartenance<\/strong><\/a><a href=\"https:\/\/www.communityfoundations.ca\/topics\/sport\/\" target=\"_blank\" rel=\"noreferrer noopener\">.<\/a><\/li><\/ul>\n","protected":false},"excerpt":{"rendered":"<p>Racquetball Canada s&rsquo;engage \u00e0 se tourner vers l&rsquo;avenir et \u00e0 \u00eatre un chef de file en mati\u00e8re d&rsquo;\u00e9quit\u00e9, de diversit\u00e9 et d&rsquo;inclusion, et \u00e0 s&rsquo;opposer \u00e0 toute forme de racisme, de discrimination ou de harc\u00e8lement sur le terrain et \u00e0 l&rsquo;ext\u00e9rieur, afin de s&rsquo;assurer que tous les Canadiens et Canadiennes se voient repr\u00e9sent\u00e9s dans notre [&hellip;]<\/p>\n","protected":false},"author":9,"featured_media":0,"parent":0,"menu_order":0,"comment_status":"closed","ping_status":"closed","template":"","meta":{"_acf_changed":false,"footnotes":""},"class_list":["post-1388","page","type-page","status-publish","hentry"],"acf":[],"_links":{"self":[{"href":"https:\/\/racquetballcanada.ca\/fr\/wp-json\/wp\/v2\/pages\/1388","targetHints":{"allow":["GET"]}}],"collection":[{"href":"https:\/\/racquetballcanada.ca\/fr\/wp-json\/wp\/v2\/pages"}],"about":[{"href":"https:\/\/racquetballcanada.ca\/fr\/wp-json\/wp\/v2\/types\/page"}],"author":[{"embeddable":true,"href":"https:\/\/racquetballcanada.ca\/fr\/wp-json\/wp\/v2\/users\/9"}],"replies":[{"embeddable":true,"href":"https:\/\/racquetballcanada.ca\/fr\/wp-json\/wp\/v2\/comments?post=1388"}],"version-history":[{"count":3,"href":"https:\/\/racquetballcanada.ca\/fr\/wp-json\/wp\/v2\/pages\/1388\/revisions"}],"predecessor-version":[{"id":23467,"href":"https:\/\/racquetballcanada.ca\/fr\/wp-json\/wp\/v2\/pages\/1388\/revisions\/23467"}],"wp:attachment":[{"href":"https:\/\/racquetballcanada.ca\/fr\/wp-json\/wp\/v2\/media?parent=1388"}],"curies":[{"name":"wp","href":"https:\/\/api.w.org\/{rel}","templated":true}]}}