{"id":1373,"date":"2019-07-29T15:26:21","date_gmt":"2019-07-29T19:26:21","guid":{"rendered":"https:\/\/racquetballcanada.ca\/award-bio-evan-pritchard\/"},"modified":"2019-07-29T15:26:21","modified_gmt":"2019-07-29T19:26:21","slug":"award-bio-evan-pritchard","status":"publish","type":"page","link":"https:\/\/racquetballcanada.ca\/fr\/award-bio-evan-pritchard\/","title":{"rendered":"Award Bio &#8211; Evan Pritchard"},"content":{"rendered":"<h3>EVAN PRITCHARD<\/h3>\n<ul>\n<li><strong>Laur\u00e9ate\u00a0du Prix de entra\u00eeneur de 2018<\/strong><\/li>\n<li><strong>Laur\u00e9ate\u00a0Prix de Marc Caouette de 2014<\/strong><\/li>\n<\/ul>\n<hr \/>\n<p><strong>Prix de entra\u00eeneur de 2018<\/strong><\/p>\n<p>Evan Pritchard est entra\u00eeneur certifi\u00e9 de niveau 4 de l&rsquo;INE. Il a apport\u00e9 une contribution inestimable au racquetball dans le r\u00f4le d&rsquo;entra\u00eeneur, aussi bien d&rsquo;athl\u00e8tes de haut niveau que d&rsquo;athl\u00e8tes en d\u00e9veloppement. Evan continue \u00e0 diriger des programmes de niveau communautaire au Manitoba, et \u00e0 aider des athl\u00e8tes juniors, comme entra\u00eeneur provincial, au Championnat canadien junior. Il a repr\u00e9sent\u00e9 le Canada sur le plan international \u00e0 titre d&rsquo;entra\u00eeneur pour des \u00e9quipes juniors et d&rsquo;\u00e9lite, et ce \u00e0 plusieurs occasions. Comme entra\u00eeneur personnel, Evan a men\u00e9 des athl\u00e8tes au statut de membre de l&rsquo;\u00e9quipe nationale et \u00e0 la r\u00e9ussite sur le plan international.<\/p>\n<p><strong>Prix de Marc Caouette de 2014<\/strong><\/p>\n<p><span style=\"font-family: Calibri, Verdana, Helvetica, Arial;\">Bient\u00f4t disponible!<\/span><\/p>\n","protected":false},"excerpt":{"rendered":"<p>EVAN PRITCHARD Laur\u00e9ate\u00a0du Prix de entra\u00eeneur de 2018 Laur\u00e9ate\u00a0Prix de Marc Caouette de 2014 Prix de entra\u00eeneur de 2018 Evan Pritchard est entra\u00eeneur certifi\u00e9 de niveau 4 de l&rsquo;INE. Il a apport\u00e9 une contribution inestimable au racquetball dans le r\u00f4le d&rsquo;entra\u00eeneur, aussi bien d&rsquo;athl\u00e8tes de haut niveau que d&rsquo;athl\u00e8tes en d\u00e9veloppement. Evan continue \u00e0 diriger [&hellip;]<\/p>\n","protected":false},"author":9,"featured_media":0,"parent":0,"menu_order":0,"comment_status":"closed","ping_status":"closed","template":"","meta":{"_acf_changed":false,"footnotes":""},"class_list":["post-1373","page","type-page","status-publish","hentry"],"acf":[],"_links":{"self":[{"href":"https:\/\/racquetballcanada.ca\/fr\/wp-json\/wp\/v2\/pages\/1373","targetHints":{"allow":["GET"]}}],"collection":[{"href":"https:\/\/racquetballcanada.ca\/fr\/wp-json\/wp\/v2\/pages"}],"about":[{"href":"https:\/\/racquetballcanada.ca\/fr\/wp-json\/wp\/v2\/types\/page"}],"author":[{"embeddable":true,"href":"https:\/\/racquetballcanada.ca\/fr\/wp-json\/wp\/v2\/users\/9"}],"replies":[{"embeddable":true,"href":"https:\/\/racquetballcanada.ca\/fr\/wp-json\/wp\/v2\/comments?post=1373"}],"version-history":[{"count":0,"href":"https:\/\/racquetballcanada.ca\/fr\/wp-json\/wp\/v2\/pages\/1373\/revisions"}],"wp:attachment":[{"href":"https:\/\/racquetballcanada.ca\/fr\/wp-json\/wp\/v2\/media?parent=1373"}],"curies":[{"name":"wp","href":"https:\/\/api.w.org\/{rel}","templated":true}]}}