{"id":1345,"date":"2019-07-24T20:45:20","date_gmt":"2019-07-25T00:45:20","guid":{"rendered":"https:\/\/racquetballcanada.ca\/awards-info-usher-barnoff\/"},"modified":"2019-07-24T20:45:20","modified_gmt":"2019-07-25T00:45:20","slug":"awards-info-usher-barnoff","status":"publish","type":"page","link":"https:\/\/racquetballcanada.ca\/fr\/awards-info-usher-barnoff\/","title":{"rendered":"Award Info &#8211; Usher Barnoff"},"content":{"rendered":"<h3>USHER BARNOFF<\/h3>\n<ul>\n<li><strong>Laur\u00e9ate du prix Ivan Velan de 2006<\/strong><\/li>\n<\/ul>\n<hr \/>\n<p>Usher Barnoff a une longue histoire sportive aux niveaux local, national et international. Il a re\u00e7u le prix Ivan Velan pour son travail en tant que b\u00e2tisseur et officiel.<\/p>\n<p>Barnoff s&rsquo;est d&rsquo;abord impliqu\u00e9 dans le sport en Alberta au d\u00e9but des ann\u00e9es 1980. Il a \u00e9t\u00e9 pr\u00e9sident de l&rsquo;Association de racquetball de l&rsquo;Alberta de 1990 \u00e0 1995 apr\u00e8s avoir \u00e9t\u00e9 chef des officiels de l&rsquo;association dans les ann\u00e9es 1980. Barnoff s&rsquo;est rapidement impliqu\u00e9 dans l&rsquo;arbitrage aux niveaux national et international. Entre 1986 et 1999, il a \u00e9t\u00e9 officiel \u00e0 quatre championnats du monde, deux championnats panam\u00e9ricains et aux Jeux panam\u00e9ricains de 1999.<\/p>\n<p>Barnoff a apport\u00e9 d&rsquo;importantes contributions dans le domaine de la gouvernance sur le plan national. Il est pr\u00e9sident du conseil d&rsquo;administration depuis 1999 et a \u00e9galement si\u00e9g\u00e9 au comit\u00e9 de direction du conseil d&rsquo;administration o\u00f9 il a g\u00e9r\u00e9 plusieurs portefeuilles, notamment ceux de la haute performance, du d\u00e9veloppement et des services techniques. Il est membre du comit\u00e9 des officiels depuis 1988 et en a occup\u00e9 le poste de pr\u00e9sident pendant neuf ans. Il a \u00e9galement repr\u00e9sent\u00e9 Racquetball Canada aupr\u00e8s de l&rsquo;Agence mondiale antidopage et du Centre canadien pour l&rsquo;\u00e9thique dans le r\u00e8glement des diff\u00e9rends sportifs.<\/p>\n<p>Barnoff a \u00e9t\u00e9 fortement impliqu\u00e9 dans la gouvernance de la F\u00e9d\u00e9ration internationale de racquetball (IRF). Il est pr\u00e9sident du comit\u00e9 des r\u00e8gles de la FIR depuis 1992 et a \u00e9t\u00e9 \u00e9lu vice-pr\u00e9sident pour l&rsquo;Am\u00e9rique du Nord en 2000. Il en est directeur technique depuis 2003 et a \u00e9t\u00e9 nomm\u00e9 repr\u00e9sentant de l&rsquo;IRF aupr\u00e8s de l&rsquo;Agence mondiale antidopage en 2004.<\/p>\n<p>Barnoff est \u00e9galement membre de la Conf\u00e9d\u00e9ration panam\u00e9ricaine de racquetball (CPAR) depuis 2000, ann\u00e9e o\u00f9 il a \u00e9t\u00e9 \u00e9lu vice-pr\u00e9sident. Il en est le directeur technique et pr\u00e9sident du comit\u00e9 des r\u00e8glements depuis 2003.<\/p>\n<p><strong>Mise \u00e0 jour biographique<\/strong><\/p>\n<ul>\n<li>Barnoff a \u00e9t\u00e9 nomm\u00e9 en <span style=\"color: #000000;\">2007 leader sportif honorifique<\/span> par le <strong><span style=\"color: #000080;\"><a style=\"color: #000080;\" href=\"https:\/\/www.calgaryboosterclub.com\/archives\/honoured-athletic-leaders\" target=\"_blank\" rel=\"noopener noreferrer\">Calgary Booster Club<\/a><\/span><\/strong><\/li>\n<\/ul>\n<p>&nbsp;<\/p>\n","protected":false},"excerpt":{"rendered":"<p>USHER BARNOFF Laur\u00e9ate du prix Ivan Velan de 2006 Usher Barnoff a une longue histoire sportive aux niveaux local, national et international. Il a re\u00e7u le prix Ivan Velan pour son travail en tant que b\u00e2tisseur et officiel. Barnoff s&rsquo;est d&rsquo;abord impliqu\u00e9 dans le sport en Alberta au d\u00e9but des ann\u00e9es 1980. Il a \u00e9t\u00e9 [&hellip;]<\/p>\n","protected":false},"author":9,"featured_media":0,"parent":0,"menu_order":0,"comment_status":"closed","ping_status":"closed","template":"","meta":{"_acf_changed":false,"footnotes":""},"class_list":["post-1345","page","type-page","status-publish","hentry"],"acf":[],"_links":{"self":[{"href":"https:\/\/racquetballcanada.ca\/fr\/wp-json\/wp\/v2\/pages\/1345","targetHints":{"allow":["GET"]}}],"collection":[{"href":"https:\/\/racquetballcanada.ca\/fr\/wp-json\/wp\/v2\/pages"}],"about":[{"href":"https:\/\/racquetballcanada.ca\/fr\/wp-json\/wp\/v2\/types\/page"}],"author":[{"embeddable":true,"href":"https:\/\/racquetballcanada.ca\/fr\/wp-json\/wp\/v2\/users\/9"}],"replies":[{"embeddable":true,"href":"https:\/\/racquetballcanada.ca\/fr\/wp-json\/wp\/v2\/comments?post=1345"}],"version-history":[{"count":0,"href":"https:\/\/racquetballcanada.ca\/fr\/wp-json\/wp\/v2\/pages\/1345\/revisions"}],"wp:attachment":[{"href":"https:\/\/racquetballcanada.ca\/fr\/wp-json\/wp\/v2\/media?parent=1345"}],"curies":[{"name":"wp","href":"https:\/\/api.w.org\/{rel}","templated":true}]}}