{"id":13393,"date":"2020-09-30T00:21:45","date_gmt":"2020-09-30T04:21:45","guid":{"rendered":"https:\/\/racquetballcanada.ca\/?page_id=13393"},"modified":"2021-09-07T17:41:50","modified_gmt":"2021-09-07T21:41:50","slug":"benevolat","status":"publish","type":"page","link":"https:\/\/racquetballcanada.ca\/fr\/benevolat\/","title":{"rendered":"B\u00e9n\u00e9volat"},"content":{"rendered":"\n<p>Racquetball Canada d\u00e9pend de la contribution de b\u00e9n\u00e9voles de tous les coins du Canada. Si vous cherchez un moyen de renvoyer l\u2019ascenseur au racquetball et de rencontrer de nouveaux amis, le b\u00e9n\u00e9volat pour Racquetball Canada, une de ses associations provinciales, ou au niveau communautaire pourrait parfaitement vous convenir.<\/p>\n\n\n\n<p>Voici plusieurs moyens de vous engager:<\/p>\n\n\n\n<ul class=\"wp-block-list\"><li>vous porter b\u00e9n\u00e9vole pour si\u00e9ger <strong><a href=\"\/rac?page_id=1308&amp;lang=fr\" data-type=\"page\" data-id=\"1308\">\u00e0 un des comit\u00e9s de Racquetball Canada<\/a><\/strong><\/li><li>proposer votre nom \u00e0 l\u2019\u00e9lection du <strong><a href=\"\/rac?page_id=1306&amp;lang=fr#board\">conseil d\u2019administration de Racquetball Canada;<\/a><\/strong><\/li><li>vous porter b\u00e9n\u00e9vole pour un <strong><a href=\"\/rac?page_id=1278&amp;lang=fr\" data-type=\"page\" data-id=\"1278\">tournoi local ou national&nbsp;<\/a><\/strong><\/li><li>vous engager \u00e0<strong><a href=\"https:\/\/fr-racquetball-rcprod.stadiumdigital.com\/entrainement\/\"> <\/a><a href=\"\/rac?page_id=1303&amp;lang=fr\" data-type=\"page\" data-id=\"1303\">titre d\u2019entra\u00eeneur(e)<\/a><\/strong>&nbsp;ou <strong><a href=\"\/rac?page_id=13376&amp;lang=fr\" data-type=\"page\" data-id=\"13376\">d\u2019officiel(le)<\/a><\/strong><\/li><\/ul>\n\n\n\n<p>Si vous souhaitez faire du b\u00e9n\u00e9volat ou en savoir plus sur comment vous engager, veuillez communiquer avec <strong><a href=\"mailto:execdirector@racquetballcanada.ca\">Racquetball Canada<\/a><\/strong><\/p>\n\n\n\n<div style=\"height:100px\" aria-hidden=\"true\" class=\"wp-block-spacer\"><\/div>\n\n\n\n<h2 class=\"wp-block-heading\">Le Conseil D&rsquo;Administration de Racquetball Canada<\/h2>\n\n\n\n<p>Le conseil d&rsquo;administration de Racquetball Canada est compos\u00e9 de personnes poss\u00e9dant une expertise en finance, droit, marketing, commandite, gouvernance et \u00e9valuation des risques. Nous encourageons les personnes poss\u00e9dant ces comp\u00e9tences et celles poss\u00e9dant d&rsquo;autres comp\u00e9tences, ainsi qu&rsquo;un int\u00e9r\u00eat et une connaissance du racquetball, \u00e0 solliciter une nomination. Les candidats qualifi\u00e9s auront les comp\u00e9tences, l&rsquo;expertise et l&rsquo;exp\u00e9rience n\u00e9cessaires pour soutenir les priorit\u00e9s de nos plans strat\u00e9giques et op\u00e9rationnels.<\/p>\n\n\n\n<p>Les personnes int\u00e9ress\u00e9es \u00e0 s&rsquo;impliquer au sein du conseil d&rsquo;administration de Racquetball Canada sont invit\u00e9es \u00e0 soumettre leur candidature chaque ann\u00e9e avant l&rsquo;assembl\u00e9e g\u00e9n\u00e9rale annuelle qui a lieu chaque ann\u00e9e en septembre.<\/p>\n\n\n\n<p>Nous sommes l&rsquo;organisme national de r\u00e9gie du sport du racquetball au Canada. Avec le soutien du gouvernement du Canada et de nombreux partenaires pr\u00e9cieux, Racquetball Canada d\u00e9veloppe des \u00e9quipes nationales comp\u00e9titives et supervise des programmes qui font grandir le sport du racquetball au Canada.<\/p>\n\n\n\n<p>La mission de Racquetball Canada est de coordonner, de gouverner et d&rsquo;encourager l&rsquo;avancement du racquetball de la base aux niveaux d&rsquo;\u00e9lite \u00e0 travers le Canada.<\/p>\n\n\n\n<p>Les valeurs qui, selon nous, jouent un r\u00f4le d\u00e9terminant dans la prise de d\u00e9cisions et l&rsquo;impact sur la fa\u00e7on dont nous interagissons sont\u00a0:<\/p>\n\n\n\n<ul class=\"wp-block-list\"><li>int\u00e9grit\u00e9<\/li><li>inclusivit\u00e9<\/li><li>s\u00e9curit\u00e9<\/li><li>communaut\u00e9<\/li><li>excellence<\/li><\/ul>\n\n\n\n<p>Nous croyons en la gestion de Racquetball Canada selon ces valeurs et en veillant \u00e0 ce que les principes de <a href=\"https:\/\/truesportpur.ca\/fr\/principes-sport-pur\">Sport pur<\/a> soient activ\u00e9s sur le terrain de jeu.<\/p>\n\n\n\n<p>Nous sommes en train de mettre \u00e0 jour notre dossier de candidature et le publierons ici sur le site Web.<\/p>\n","protected":false},"excerpt":{"rendered":"<p>Racquetball Canada d\u00e9pend de la contribution de b\u00e9n\u00e9voles de tous les coins du Canada. Si vous cherchez un moyen de renvoyer l\u2019ascenseur au racquetball et de rencontrer de nouveaux amis, le b\u00e9n\u00e9volat pour Racquetball Canada, une de ses associations provinciales, ou au niveau communautaire pourrait parfaitement vous convenir. Voici plusieurs moyens de vous engager: vous [&hellip;]<\/p>\n","protected":false},"author":1,"featured_media":0,"parent":0,"menu_order":0,"comment_status":"closed","ping_status":"closed","template":"","meta":{"_acf_changed":false,"footnotes":""},"class_list":["post-13393","page","type-page","status-publish","hentry"],"acf":[],"_links":{"self":[{"href":"https:\/\/racquetballcanada.ca\/fr\/wp-json\/wp\/v2\/pages\/13393","targetHints":{"allow":["GET"]}}],"collection":[{"href":"https:\/\/racquetballcanada.ca\/fr\/wp-json\/wp\/v2\/pages"}],"about":[{"href":"https:\/\/racquetballcanada.ca\/fr\/wp-json\/wp\/v2\/types\/page"}],"author":[{"embeddable":true,"href":"https:\/\/racquetballcanada.ca\/fr\/wp-json\/wp\/v2\/users\/1"}],"replies":[{"embeddable":true,"href":"https:\/\/racquetballcanada.ca\/fr\/wp-json\/wp\/v2\/comments?post=13393"}],"version-history":[{"count":4,"href":"https:\/\/racquetballcanada.ca\/fr\/wp-json\/wp\/v2\/pages\/13393\/revisions"}],"predecessor-version":[{"id":16567,"href":"https:\/\/racquetballcanada.ca\/fr\/wp-json\/wp\/v2\/pages\/13393\/revisions\/16567"}],"wp:attachment":[{"href":"https:\/\/racquetballcanada.ca\/fr\/wp-json\/wp\/v2\/media?parent=13393"}],"curies":[{"name":"wp","href":"https:\/\/api.w.org\/{rel}","templated":true}]}}