{"id":1317,"date":"2018-12-17T18:21:22","date_gmt":"2018-12-17T23:21:22","guid":{"rendered":"https:\/\/racquetballcanada.ca\/programmes-de-lequipe-nationale\/"},"modified":"2026-03-19T11:08:00","modified_gmt":"2026-03-19T15:08:00","slug":"programmes-de-lequipe-nationale","status":"publish","type":"page","link":"https:\/\/racquetballcanada.ca\/fr\/programmes-de-lequipe-nationale\/","title":{"rendered":"PROGRAMME DE L&rsquo;\u00c9QUIPE NATIONALE"},"content":{"rendered":"\n<p>Trois \u00e9quipes nationales sont s\u00e9lectionn\u00e9es tous les ans :<\/p>\n\n\n\n<ul class=\"wp-block-list\">\n<li><strong>l\u2019\u00e9quipe nationale d\u2019\u00e9lite<\/strong>: L\u2019\u00e9quipe d\u2019\u00e9lite se compose des six (6) meilleurs athl\u00e8tes hommes et des six (6) meilleures athl\u00e8tes femmes du pays<\/li>\n\n\n\n<li><strong>l\u2019\u00e9quipe nationale de d\u00e9veloppement<\/strong>: l\u2019\u00e9quipe de d\u00e9veloppement se compose d\u2019au plus cinq (5) athl\u00e8tes hommes et cinq (5) athl\u00e8tes femmes, choisis en fonction des crit\u00e8res de s\u00e9lection de l\u2019\u00e9quipe nationale de d\u00e9veloppement<\/li>\n\n\n\n<li><strong>l\u2019\u00e9quipe nationale junior<\/strong>: L\u2019\u00e9quipe nationale junior se compose de douze (12) athl\u00e8tes juniors s\u00e9lectionn\u00e9s en fonction des r\u00e9sultats du Championnat canadien junior. <\/li>\n<\/ul>\n\n\n\n<p><\/p>\n\n\n\n<p>Pour \u00eatre admissible \u00e0 \u00eatre nomm\u00e9s au sein de l\u2019\u00e9quipe nationale de Racquetball Canada, les athl\u00e8tes doivent :<\/p>\n\n\n\n<ul class=\"wp-block-list\">\n<li>\u00eatre citoyens canadiens<\/li>\n\n\n\n<li>\u00eatre membres en r\u00e8gle ayant d\u00fbment pay\u00e9 leur cotisation de Racquetball Canada<\/li>\n\n\n\n<li>satisfaire aux exigences de la F\u00e9d\u00e9ration internationale de racquetball pour repr\u00e9senter le Canada \u00e0 la comp\u00e9tition en question<\/li>\n\n\n\n<li>avoir sign\u00e9 leur entente de l\u2019athl\u00e8te avec Racquetball Canada<\/li>\n<\/ul>\n\n\n\n<p><\/p>\n\n\n\n<h2 class=\"wp-block-heading\" id=\"equipe-d-elite\">\u00c9quipe d\u2019\u00e9lite<\/h2>\n\n\n\n<p>Les athl\u00e8tes sont nomm\u00e9s au sein de<strong> l\u2019\u00e9quipe d&rsquo;\u00e9lite<\/strong> pour une p\u00e9riode d\u2019un an allant du 1<sup>er<\/sup> juillet au 30 juin.<\/p>\n\n\n\n<p>L\u2019<strong>\u00e9quipe nationale d\u2019\u00e9lite <\/strong>se compose de six (6) membres par sexe qui ont r\u00e9ussi les normes de qualification stipul\u00e9es dans les crit\u00e8res de s\u00e9lection de l&rsquo;\u00e9quipe nationale pour la saison. <\/p>\n\n\n\n<ol class=\"wp-block-list\">\n<li>Les athl\u00e8tes s\u00e9lectionn\u00e9s seront les meilleurs joueurs masculins et f\u00e9minins qualifi\u00e9s en fonction des points accumul\u00e9s en comp\u00e9titions de simple et double aux deux \u00e9preuves de s\u00e9lection de l\u2019\u00e9quipe nationale et aux Championnats nationaux de Racquetball Canada.<\/li>\n\n\n\n<li>Les \u00e9quipes masculines et f\u00e9minines sont s\u00e9lectionn\u00e9es s\u00e9par\u00e9ment.<\/li>\n\n\n\n<li>Si l\u2019un des membres qualifi\u00e9s d\u00e9cline l\u2019offre de Racquetball Canada de se joindre \u00e0 l\u2019\u00e9quipe, l\u2019athl\u00e8te suivant \u00e0 se qualifier acc\u00e8dera \u00e0 la position de s\u00e9lection sup\u00e9rieure et ce, jusqu\u2019\u00e0 ce que six joueurs qui acceptent l&rsquo;offre composent l\u2019\u00e9quipe.<\/li>\n<\/ol>\n\n\n\n<p><\/p>\n\n\n\n<h2 class=\"wp-block-heading\" id=\"equipe-de-developpement\">\u00c9quipe de d\u00e9veloppement<\/h2>\n\n\n\n<p>Les athl\u00e8tes sont nomm\u00e9s au sein de<strong> l\u2019\u00e9quipe de d\u00e9veloppement<\/strong> pour une p\u00e9riode d\u2019un an allant du 1<sup>er<\/sup> juillet au 30 juin.<\/p>\n\n\n\n<p>L\u2019\u00e9quipe nationale de d\u00e9veloppement se compose de jusqu\u2019\u00e0 dix (10) athl\u00e8tes, avec au maximum cinq (5) hommes et cinq (5) femmes qui n\u2019ont pas d\u00e9j\u00e0 \u00e9t\u00e9 s\u00e9lectionn\u00e9s au sein de l\u2019\u00e9quipe nationale d\u2019\u00e9lite. Ils seront s\u00e9lectionn\u00e9s en fonction des points accumul\u00e9s en comp\u00e9titions de simple et de double aux deux \u00e9preuves de s\u00e9lection de l\u2019\u00e9quipe nationale et au Championnat canadien de Racquetball Canada, pr\u00e9c\u00e9dant imm\u00e9diatement la s\u00e9lection de l\u2019\u00e9quipe. Il y a aussi des restrictions d\u2019\u00e2ge pour l\u2019\u00e9quipe nationale de d\u00e9veloppement, \u00e0 savoir. Pour \u00eatre admissibles \u00e0 la s\u00e9lection de l&rsquo;\u00e9quipe nationale de d\u00e9veloppement, les athl\u00e8tes doivent \u00eatre \u00e2g\u00e9s de 29 ans ou moins. L\u2019\u00e2ge des athl\u00e8tes est calcul\u00e9 au 1<sup>er<\/sup> janvier de l&rsquo;ann\u00e9e de s\u00e9lection.<\/p>\n\n\n\n<p><\/p>\n\n\n\n<h3 class=\"wp-block-heading\" id=\"equipe-nationale-junior\"><strong>\u00c9quipe nationale junior<\/strong><\/h3>\n\n\n\n<p>L\u2019\u00e9quipe nationale junior se compose de six (6) hommes et six (6) femmes s\u00e9lectionn\u00e9s en fonction des r\u00e9sultats du Championnat canadien junior. <\/p>\n\n\n\n<p>Les membres de l\u2019\u00e9quipe nationale junior sont s\u00e9lectionn\u00e9s comme suit :<\/p>\n\n\n\n<ol class=\"wp-block-list\">\n<li>Les deux (2) meilleurs joueurs aux championnats nationaux dans les divisions gar\u00e7ons de 21 ans et moins et filles de 21 ans et moins, gar\u00e7ons de 18 ans et moins et filles de 18 ans et moins, et gar\u00e7ons de 16 ans et moins et filles de 16 ans et moins seront invit\u00e9s \u00e0 participer au Championnat du monde junior comme membres de l&rsquo;\u00e9quipe canadienne. Si un(e) des deux meilleurs joueurs d\u00e9cide de ne pas participer, Racquetball Canada invitera le ou la troisi\u00e8me \u00e0 participer au Championnat du monde junior. Racquetball Canada ne s\u00e9lectionnera pas d\u2019athl\u00e8te moins bien class\u00e9(e) que troisi\u00e8me au Championnat canadien junior.<br><\/li>\n\n\n\n<li>Le(s) joueur(s) s\u00e9lectionn\u00e9(s) jouent dans leur propre cat\u00e9gorie d\u2019\u00e2ge (p. ex. un athl\u00e8te de 15 ans joue dans la cat\u00e9gorie 16 ans et moins). <\/li>\n<\/ol>\n\n\n\n<p><\/p>\n\n\n\n<h2 class=\"wp-block-heading\" id=\"national-team-standings\">Classements de L&rsquo;\u00b4Equipe Nationale<\/h2>\n\n\n\n<p>Les athl\u00e8tes seront class\u00e9s en fonction du nombre de points qu&rsquo;ils ont accumul\u00e9s lors des \u00e9preuves de s\u00e9lection qui cr\u00e9e le classement de l&rsquo;\u00e9quipe nationale.<\/p>\n\n\n\n<p><\/p>\n\n\n\n<h3 class=\"wp-block-heading\" id=\"epreuves-de-selection-qui-comptent-pour-le-classement\"><strong>\u00c9preuves de S\u00e8lection Qui Comptent Pour Le Classement<\/strong><\/h3>\n\n\n\n<ul class=\"wp-block-list\">\n<li>\u00c9preuve #1 :&nbsp;\u00c9preuves de s\u00e9lection d\u2019automne \u2013 en simple open<\/li>\n\n\n\n<li>\u00c9preuve #2 :&nbsp;\u00c9preuves de s\u00e9lection d\u2019hiver \u2013 en simple open<\/li>\n\n\n\n<li>\u00c9preuve #3 :&nbsp;Championnat canadien \u2013 en simple open<\/li>\n\n\n\n<li>\u00c9preuve #4 :&nbsp;Championnat canadien \u2013 en double open<\/li>\n<\/ul>\n\n\n\n<h3 class=\"wp-block-heading\" id=\"tableau-de-points\"><strong>Tableau de points<\/strong><\/h3>\n\n\n\n<p>Le tableau de points indique le nombre de points attribu\u00e9s aux athl\u00e8tes en fonction de leur place \u00e0 l\u2019\u00e9preuve de s\u00e9lection.<\/p>\n\n\n\n<figure class=\"wp-block-table\"><table><tbody><tr><td><strong>Place<\/strong><\/td><td><strong>Points<\/strong><\/td><\/tr><tr><td>1<\/td><td>130<\/td><\/tr><tr><td>2<\/td><td>110<\/td><\/tr><tr><td>3<\/td><td>92<\/td><\/tr><tr><td>4<\/td><td>76<\/td><\/tr><tr><td>5<\/td><td>62<\/td><\/tr><tr><td>6<\/td><td>50<\/td><\/tr><tr><td>7<\/td><td>42<\/td><\/tr><tr><td>8<\/td><td>34<\/td><\/tr><tr><td>9<\/td><td>26<\/td><\/tr><tr><td>10<\/td><td>16<\/td><\/tr><tr><td>11<\/td><td>12<\/td><\/tr><tr><td>12<\/td><td>8<\/td><\/tr><tr><td>13<\/td><td>6<\/td><\/tr><tr><td>14<\/td><td>4<\/td><\/tr><tr><td>15<\/td><td>2<\/td><\/tr><tr><td>16<\/td><td>1<\/td><\/tr><tr><td>Autres<\/td><td>0<\/td><\/tr><\/tbody><\/table><\/figure>\n\n\n\n<h3 class=\"wp-block-heading\" id=\"ponderation-des-epreuves\"><strong>Pond\u00e9ration des \u00e9preuves<\/strong><\/h3>\n\n\n\n<p>Les \u00e9preuves de s\u00e9lection officielle sont pond\u00e9r\u00e9es pour d\u00e9terminer le nombre de points obtenus par \u00e9venement.<\/p>\n\n\n\n<p>La pond\u00e9ration d\u2019une \u00e9preuve est le coefficient par lequel on multiplie les points gagn\u00e9s \u00e0 l\u2019\u00e9preuve en question. Puis on fait la somme des r\u00e9sultats de ces multiplications pour d\u00e9terminer le classement.<\/p>\n\n\n\n<p><\/p>\n\n\n\n<p><strong>Classement de s\u00e9lection de l\u2019\u00e9quipe nationale :<\/strong><\/p>\n\n\n\n<ul class=\"wp-block-list\">\n<li>\u00c9preuve #1 = 30%<\/li>\n\n\n\n<li>\u00c9preuve #2 = 30%<\/li>\n\n\n\n<li>\u00c9preuve #3 = 30%<\/li>\n\n\n\n<li>\u00c9preuve #4 = 10%<\/li>\n<\/ul>\n\n\n\n<p>Si plusieurs joueurs ont le m\u00eame nombre de points de s\u00e9lection, le joueur qui \u00e9tait le mieux class\u00e9 au classement de Racquetball Canada apr\u00e8s que la derni\u00e8re \u00e9preuve ait \u00e9t\u00e9 prise en compte, sera consid\u00e9r\u00e9 le meilleur joueur en ce qui concerne les points de classement pour le crit\u00e8re de s\u00e9lection de l\u2019\u00e9quipe nationale.<\/p>\n\n\n\n<p>Les crit\u00e8res ont \u00e9t\u00e9 r\u00e9dig\u00e9s de mani\u00e8re \u00e0 tenir compte \u00e9galement de l&rsquo;annulation \u00e9ventuelle d&rsquo;\u00e9v\u00e9nements.<\/p>\n\n\n\n<p>Veuillez consulter les crit\u00e8res de s\u00e9lection de l\u2019\u00e9quipe ou de l\u2019\u00e9v\u00e9nement pour plus d\u2019informations.<\/p>\n\n\n\n<p><a href=\"https:\/\/racquetballcanada.ca\/wp-content\/uploads\/2025\/11\/National-Team-Criteria-FR.2026-27-Final.pdf\" target=\"_blank\" rel=\"noreferrer noopener\">Crit\u00e8res de s\u00e9lection de l&rsquo;\u00e9quipe nationale de 2026-27<\/a><\/p>\n\n\n\n<h3 class=\"wp-block-heading\" id=\"totaux-de-points-actuels-des-athletes\"><strong>Totaux de points actuels des athl\u00e8tes<\/strong><\/h3>\n\n\n\n<ul class=\"wp-block-list\">\n<li>\u00c0 annoncer.<\/li>\n<\/ul>\n\n\n\n<p><\/p>\n\n\n\n<h2 class=\"wp-block-heading\" id=\"international-event-team-criteria\">Crit\u00e8res Pour Les \u00e9quipes Aux Comp\u00e9titions Internationales<\/h2>\n\n\n\n<p>Pour chaque comp\u00e9tition internationale, il y a un processus de s\u00e9lection sp\u00e9cifique pour les athl\u00e8tes et pour les entra\u00eeneurs. Les \u00e9quipes aux comp\u00e9titions internationales sont compos\u00e9es d\u2019athl\u00e8tes, d\u2019entra\u00eeneurs et du personnel de soutien n\u00e9cessaire (soit une \u00ab\u00e9quipe nationale\u00bb), qui repr\u00e9sentent le Canada en racquetball dans tous les coins du monde.<\/p>\n\n\n\n<p>Vous trouverez ci-apr\u00e8s les crit\u00e8res de s\u00e9lection pour les \u00e9quipes des prochaines comp\u00e9titions internationales. S\u2019il n\u2019y a pas de lien, c\u2019est que les crit\u00e8res n\u2019ont pas encore \u00e9t\u00e9 affich\u00e9s.<\/p>\n\n\n\n<ul class=\"wp-block-list\">\n<li><a href=\"https:\/\/racquetballcanada.ca\/wp-content\/uploads\/2025\/11\/Pan-Am-Championships-Criteria-FR.2026.pdf\" target=\"_blank\" rel=\"noreferrer noopener\">Championnat panam\u00e9ricain 2026<\/a><\/li>\n\n\n\n<li><a href=\"https:\/\/racquetballcanada.ca\/wp-content\/uploads\/2025\/11\/World-Championships-Criteria-FR.2026.pdf\" target=\"_blank\" rel=\"noreferrer noopener\">Championnat du monde 2026<\/a><\/li>\n<\/ul>\n\n\n\n<p><\/p>\n\n\n\n<h2 class=\"wp-block-heading\" id=\"athlete-assistance-program-carding-aap-criteria\">Crit\u00e8res de S\u00e9lection du Programme D&rsquo;aide Aux Athl\u00e8tes (PAA) (Brevetage)<\/h2>\n\n\n\n<p>Le Programme d&rsquo;aide aux athl\u00e8tes (PAA) de Sport Canada aide les athl\u00e8tes de niveau international en ce qui concerne leurs activit\u00e9s d&rsquo;entra\u00eenement et de comp\u00e9tition, en leur fournissant un soutien \u00e0 l&rsquo;entra\u00eenement, et le cas \u00e9ch\u00e9ant en leur payant leurs frais scolaires. Les athl\u00e8tes admissibles dont le financement est approuv\u00e9 et qui sont subventionn\u00e9s par le PAA sont appel\u00e9s&nbsp;athl\u00e8tes brevet\u00e9s. Le soutien du PAA est aussi appel\u00e9&nbsp;brevet.<\/p>\n\n\n\n<p>Vous trouverez ci-apr\u00e8s les crit\u00e8res de brevetage.<\/p>\n\n\n\n<p><a href=\"https:\/\/racquetballcanada.ca\/wp-content\/uploads\/2025\/11\/AAP-Criteria-FR.2026-27.pdf\" target=\"_blank\" rel=\"noreferrer noopener\">Crit\u00e8res de brevetage du PAA de Racquetball Canada de 2026-27<\/a><\/p>\n\n\n\n<p><\/p>\n\n\n\n<h2 class=\"wp-block-heading\" id=\"national-team-policies\">Politiques de L&rsquo;\u00e9quipe Nationale<\/h2>\n\n\n\n<p><strong>Clause d\u2019exemption<\/strong><\/p>\n\n\n\n<p>En tant que membre de l&rsquo;\u00e9quipe nationale de Racquetball Canada, on s&rsquo;attend \u00e0 ce que les athl\u00e8tes participent \u00e0 toutes les \u00e9preuves utilis\u00e9es pour la s\u00e9lection de l&rsquo;\u00e9quipe nationale et qu&rsquo;ils fassent tous les efforts n\u00e9cessaires pour y participer et concourir au meilleur de leurs capacit\u00e9s. Cependant, Racquetball Canada reconna\u00eet que certaines circonstances peuvent emp\u00eacher un athl\u00e8te d&rsquo;assister \u00e0 une \u00e9preuve de s\u00e9lection. Cette politique d\u00e9crit le processus de demande d&rsquo;exemption en raison d&rsquo;une blessure ou d&rsquo;autres circonstances exceptionnelles.<\/p>\n\n\n\n<p><strong><a href=\"https:\/\/racquetballcanada.ca\/wp-content\/uploads\/2025\/11\/Exemptions-Policy-FR-Nov2025.pdf\" target=\"_blank\" rel=\"noreferrer noopener\">Politique d&rsquo;exemption<\/a><\/strong><\/p>\n\n\n\n<p><strong>Classement suite \u00e0 une exemption approuv\u00e9e :<\/strong><\/p>\n\n\n\n<p>Les points des crit\u00e8res d&rsquo;exemption correspondent \u00e0 la moyenne du classement de l&rsquo;athl\u00e8te dans les trois derni\u00e8res \u00e9preuves de s\u00e9lection du calendrier de Racquetball Canada (en arrondissant \u00e0 0,49 vers le bas et \u00e0 0,5 vers le haut), puis en ajoutant 2 places. Les athl\u00e8tes qui n&rsquo;ont pas \u00e9t\u00e9 class\u00e9s dans l&rsquo;une des \u00e9preuves  de s\u00e9lection se verront attribuer une place de plus que le nombre d&rsquo;athl\u00e8tes dans le tirage au sort de l&rsquo;\u00e9preuve manqu\u00e9e ou 13 (s&rsquo;il y a moins de 12 athl\u00e8tes dans le tirage au sort). <\/p>\n\n\n\n<p>Le placement d\u2019un joueur exempt\u00e9 sera fix\u00e9, au maximum, \u00e0 une position de moins que le nombre total d\u2019inscriptions dans le tirage au d\u00e9but de l\u2019\u00e9preuve laquelle il\/elle est exempt\u00e9(e).<\/p>\n\n\n\n<p>Les exemptions en double sont plus 2 places par rapport au r\u00e9sultat de l&rsquo;athl\u00e8te en double lors des Championnats nationaux pr\u00e9c\u00e9dents.<\/p>\n\n\n\n<p><strong>Blessure survenant pendant une comp\u00e9tition :<\/strong><\/p>\n\n\n\n<p>Une fois que l\u2019athl\u00e8te a commenc\u00e9 son premier match \u00e0 l\u2019\u00e9preuve de s\u00e9lection de l\u2019\u00e9quipe nationale en question, la place qu\u2019on lui attribuera sera d\u00e9termin\u00e9e sans rapport avec les pr\u00e9c\u00e9dentes \u00e9preuves de s\u00e9lection de l\u2019\u00e9quipe nationale.<\/p>\n\n\n\n<p>Racquetball Canada pense que tous les athl\u00e8tes en bonne sant\u00e9 devraient essayer de participer \u00e0 tous les matchs pr\u00e9vus pour eux \u00e0 une comp\u00e9tition de Racquetball Canada. <\/p>\n\n\n\n<p><strong>Le cong\u00e9 parental<\/strong><\/p>\n\n\n\n<p>Racquetball Canada soutient le bien-\u00eatre de tous les athl\u00e8tes, y compris les athl\u00e8tes enceintes et les athl\u00e8tes parents. Cette politique est con\u00e7ue pour s&rsquo;assurer que les athl\u00e8tes enceintes et les athl\u00e8tes parents disposent du soutien et des ressources n\u00e9cessaires pour continuer \u00e0 pratiquer le racquetball de haut niveau tout en accordant la priorit\u00e9 \u00e0 leur sant\u00e9 et \u00e0 celle de leur enfant.<\/p>\n\n\n\n<p><a href=\"https:\/\/racquetballcanada.ca\/wp-content\/uploads\/2024\/10\/Racquetball-Canada-Parenting-Leave-Policy-FR.pdf\" target=\"_blank\" rel=\"noreferrer noopener\">Politique relative au cong\u00e9 parental complet<\/a><\/p>\n","protected":false},"excerpt":{"rendered":"<p>Trois \u00e9quipes nationales sont s\u00e9lectionn\u00e9es tous les ans : Pour \u00eatre admissible \u00e0 \u00eatre nomm\u00e9s au sein de l\u2019\u00e9quipe nationale de Racquetball Canada, les athl\u00e8tes doivent : \u00c9quipe d\u2019\u00e9lite Les athl\u00e8tes sont nomm\u00e9s au sein de l\u2019\u00e9quipe d&rsquo;\u00e9lite pour une p\u00e9riode d\u2019un an allant du 1er juillet au 30 juin. L\u2019\u00e9quipe nationale d\u2019\u00e9lite se compose [&hellip;]<\/p>\n","protected":false},"author":9,"featured_media":0,"parent":0,"menu_order":0,"comment_status":"closed","ping_status":"closed","template":"","meta":{"_acf_changed":false,"footnotes":""},"class_list":["post-1317","page","type-page","status-publish","hentry"],"acf":[],"_links":{"self":[{"href":"https:\/\/racquetballcanada.ca\/fr\/wp-json\/wp\/v2\/pages\/1317","targetHints":{"allow":["GET"]}}],"collection":[{"href":"https:\/\/racquetballcanada.ca\/fr\/wp-json\/wp\/v2\/pages"}],"about":[{"href":"https:\/\/racquetballcanada.ca\/fr\/wp-json\/wp\/v2\/types\/page"}],"author":[{"embeddable":true,"href":"https:\/\/racquetballcanada.ca\/fr\/wp-json\/wp\/v2\/users\/9"}],"replies":[{"embeddable":true,"href":"https:\/\/racquetballcanada.ca\/fr\/wp-json\/wp\/v2\/comments?post=1317"}],"version-history":[{"count":56,"href":"https:\/\/racquetballcanada.ca\/fr\/wp-json\/wp\/v2\/pages\/1317\/revisions"}],"predecessor-version":[{"id":36729,"href":"https:\/\/racquetballcanada.ca\/fr\/wp-json\/wp\/v2\/pages\/1317\/revisions\/36729"}],"wp:attachment":[{"href":"https:\/\/racquetballcanada.ca\/fr\/wp-json\/wp\/v2\/media?parent=1317"}],"curies":[{"name":"wp","href":"https:\/\/api.w.org\/{rel}","templated":true}]}}